{"id":764,"date":"2025-08-29T18:02:10","date_gmt":"2025-08-29T18:02:10","guid":{"rendered":"http:\/\/opuntiaretreats.com\/contact\/"},"modified":"2025-09-05T20:52:30","modified_gmt":"2025-09-05T17:52:30","slug":"contact","status":"publish","type":"page","link":"https:\/\/opuntiaretreats.com\/en\/contact\/","title":{"rendered":"Contact"},"content":{"rendered":"<p><\/p>\n\n\n\n<div class=\"wp-block-stackable-columns alignfull stk-block-columns stk-block stk-2dc1a64\" data-block-id=\"2dc1a64\"><style>.stk-2dc1a64 {margin-top:var(--stk--preset--spacing--70, 3.38rem) !important;margin-bottom:var(--stk--preset--spacing--70, 3.38rem) !important;}<\/style><div class=\"stk-row stk-inner-blocks stk-block-content stk-content-align stk-2dc1a64-column alignwide\">\n<div class=\"wp-block-stackable-column stk-block-column stk-column stk-block stk-5c27022 stk-block-background stk--has-background-overlay\" data-v=\"4\" data-block-id=\"5c27022\"><div class=\"stk-column-wrapper stk-block-column__content stk-container stk-5c27022-container stk--no-background stk--no-padding\"><div class=\"stk-block-content stk-inner-blocks stk-5c27022-inner-blocks\"><\/div><\/div><video class=\"stk-video-background\" autoplay muted loop playsinline src=\"https:\/\/opuntiaretreats.com\/wp-content\/uploads\/2025\/09\/cb3eca13-db83-411b-ba6b-88db82a85848_1_720_N.mp4\" poster=\"\"><\/video><\/div>\n\n\n\n<div class=\"wp-block-stackable-column stk-block-column stk-column stk-block stk-9e7c928\" data-v=\"4\" data-block-id=\"9e7c928\"><div class=\"stk-column-wrapper stk-block-column__content stk-container stk-9e7c928-container stk--no-background stk--no-padding\"><div class=\"stk-block-content stk-inner-blocks stk-9e7c928-inner-blocks\">\n<div class=\"wp-block-stackable-heading stk-block-heading stk-block-heading--v2 stk-block stk-6d9256d\" id=\"heading-placeholder\" data-block-id=\"6d9256d\"><h2 class=\"stk-block-heading__text\">Contact<\/h2><\/div>\n\n\n\n<p>\u00bfTienes preguntas o sue\u00f1as con vivir un retiro? Estamos aqu\u00ed para escucharte y guiarte<\/p>\n\n\n\n<div class=\"wp-block-stackable-button-group stk-block-button-group stk-block stk-ac6377f\" data-block-id=\"ac6377f\"><div class=\"stk-row stk-inner-blocks stk-block-content stk-button-group\">\n<div class=\"wp-block-stackable-icon-button stk-block-icon-button stk-block stk-7e613f2\" data-block-id=\"7e613f2\"><style>.stk-7e613f2 .stk-button .stk--inner-svg svg:last-child{height:21px !important;width:21px !important;}.stk-7e613f2 .stk-button .stk--inner-svg svg:last-child, .stk-7e613f2 .stk-button .stk--inner-svg svg:last-child :is(g, path, rect, polygon, ellipse){fill:#80f74e !important;}<\/style><a class=\"stk-link stk-button stk--hover-effect-darken\" href=\"https:\/\/wa.me\/524421090843\"><span class=\"stk--svg-wrapper\"><div class=\"stk--inner-svg\"><svg xmlns=\"http:\/\/www.w3.org\/2000\/svg\" viewbox=\"0 0 448 512\" aria-hidden=\"true\" width=\"32\" height=\"32\"><path d=\"M380.9 97.1C339 55.1 283.2 32 223.9 32c-122.4 0-222 99.6-222 222 0 39.1 10.2 77.3 29.6 111L0 480l117.7-30.9c32.4 17.7 68.9 27 106.1 27h.1c122.3 0 224.1-99.6 224.1-222 0-59.3-25.2-115-67.1-157zm-157 341.6c-33.2 0-65.7-8.9-94-25.7l-6.7-4-69.8 18.3L72 359.2l-4.4-7c-18.5-29.4-28.2-63.3-28.2-98.2 0-101.7 82.8-184.5 184.6-184.5 49.3 0 95.6 19.2 130.4 54.1 34.8 34.9 56.2 81.2 56.1 130.5 0 101.8-84.9 184.6-186.6 184.6zm101.2-138.2c-5.5-2.8-32.8-16.2-37.9-18-5.1-1.9-8.8-2.8-12.5 2.8-3.7 5.6-14.3 18-17.6 21.8-3.2 3.7-6.5 4.2-12 1.4-32.6-16.3-54-29.1-75.5-66-5.7-9.8 5.7-9.1 16.3-30.3 1.8-3.7.9-6.9-.5-9.7-1.4-2.8-12.5-30.1-17.1-41.2-4.5-10.8-9.1-9.3-12.5-9.5-3.2-.2-6.9-.2-10.6-.2-3.7 0-9.7 1.4-14.8 6.9-5.1 5.6-19.4 19-19.4 46.3 0 27.3 19.9 53.7 22.6 57.4 2.8 3.7 39.1 59.7 94.8 83.8 35.2 15.2 49 16.5 66.6 13.9 10.7-1.6 32.8-13.4 37.4-26.4 4.6-13 4.6-24.1 3.2-26.4-1.3-2.5-5-3.9-10.5-6.6z\"><\/path><\/svg><\/div><\/span><\/a><\/div>\n<\/div><\/div>\n\n\n\n<div class=\"wp-block-stackable-text stk-block-text stk-block stk-9dcdf51\" data-block-id=\"9dcdf51\"><p class=\"stk-block-text__text\">Direcci\u00f3n:  Km 5 carretera corral de piedra a clavellinas, 37888 San Miguel de Allende, Gto.<\/p><\/div>\n\n\n\n<div class=\"wp-block-stackable-text stk-block-text stk-block stk-2ee71d3\" data-block-id=\"2ee71d3\"><p class=\"stk-block-text__text\">Telefono: +52 442 1090843<\/p><\/div>\n\n\n\n<div class=\"wp-block-stackable-text stk-block-text stk-block stk-5ac3423\" data-block-id=\"5ac3423\"><p class=\"stk-block-text__text\"><strong>Co<\/strong>rreo: info@opuntiaretreats.com<\/p><\/div>\n<\/div><\/div><\/div>\n<\/div><\/div>","protected":false},"excerpt":{"rendered":"<p>Cont\u00e1ctanos \u00bfTienes preguntas o sue\u00f1as con vivir un retiro? Estamos aqu\u00ed para escucharte y guiarte Direcci\u00f3n: Km 5 carretera corral de piedra a clavellinas, 37888 San Miguel de Allende, Gto. [&hellip;]<\/p>","protected":false},"author":1,"featured_media":0,"parent":0,"menu_order":0,"comment_status":"closed","ping_status":"closed","template":"","meta":{"_gspb_post_css":"","footnotes":""},"class_list":["post-764","page","type-page","status-publish","hentry"],"blocksy_meta":[],"_links":{"self":[{"href":"https:\/\/opuntiaretreats.com\/en\/wp-json\/wp\/v2\/pages\/764","targetHints":{"allow":["GET"]}}],"collection":[{"href":"https:\/\/opuntiaretreats.com\/en\/wp-json\/wp\/v2\/pages"}],"about":[{"href":"https:\/\/opuntiaretreats.com\/en\/wp-json\/wp\/v2\/types\/page"}],"author":[{"embeddable":true,"href":"https:\/\/opuntiaretreats.com\/en\/wp-json\/wp\/v2\/users\/1"}],"replies":[{"embeddable":true,"href":"https:\/\/opuntiaretreats.com\/en\/wp-json\/wp\/v2\/comments?post=764"}],"version-history":[{"count":6,"href":"https:\/\/opuntiaretreats.com\/en\/wp-json\/wp\/v2\/pages\/764\/revisions"}],"predecessor-version":[{"id":2598,"href":"https:\/\/opuntiaretreats.com\/en\/wp-json\/wp\/v2\/pages\/764\/revisions\/2598"}],"wp:attachment":[{"href":"https:\/\/opuntiaretreats.com\/en\/wp-json\/wp\/v2\/media?parent=764"}],"curies":[{"name":"wp","href":"https:\/\/api.w.org\/{rel}","templated":true}]}}