{"id":762,"date":"2025-08-29T18:02:10","date_gmt":"2025-08-29T18:02:10","guid":{"rendered":"http:\/\/opuntiaretreats.com\/services\/"},"modified":"2025-09-11T23:07:33","modified_gmt":"2025-09-11T20:07:33","slug":"services","status":"publish","type":"page","link":"https:\/\/opuntiaretreats.com\/en\/services\/","title":{"rendered":"La llave al inconsciente"},"content":{"rendered":"<p><\/p>\n\n\n\n<div class=\"wp-block-stackable-columns alignfull stk-block-columns stk-block stk-c95f235\" data-block-id=\"c95f235\"><style>.stk-c95f235 .stk--block-align-c95f235{align-items:center !important;}.stk-c95f235 {margin-top:var(--stk--preset--spacing--70, 3.38rem) !important;margin-bottom:var(--stk--preset--spacing--70, 3.38rem) !important;}<\/style><div class=\"stk-row stk-inner-blocks stk--block-align-c95f235 stk-block-content stk-content-align stk-c95f235-column alignwide\">\n<div class=\"wp-block-stackable-column stk-block-column stk-column stk-block stk-1d5ef86\" data-v=\"4\" data-block-id=\"1d5ef86\"><div class=\"stk-column-wrapper stk-block-column__content stk-container stk-1d5ef86-container stk--no-background stk--no-padding\"><div class=\"stk-block-content stk-inner-blocks stk-1d5ef86-inner-blocks\">\n<div class=\"wp-block-stackable-text stk-block-text stk-block stk-b2d6abf\" data-block-id=\"b2d6abf\"><p class=\"stk-block-text__text\">En cada retiro, la psilocibina ocupa un lugar central: es la <strong>llave sagrada que abre la puerta al inconsciente<\/strong>. Un acceso profundo a ese espacio interior donde habitan recuerdos, emociones y mandatos invisibles que muchas veces gu\u00edan nuestra vida sin que lo notemos.<\/p><\/div>\n\n\n\n<p>No se trata de una experiencia aislada ni recreativa. El trabajo con hongos en Opuntia se sostiene en un <strong>protocolo seguro y acompa\u00f1ado<\/strong>, donde cada participante recibe contenci\u00f3n profesional antes, durante y despu\u00e9s de la ceremonia.<\/p>\n\n\n\n<p>La psilocibina permite:<\/p>\n\n\n\n<ul class=\"wp-block-list\">\n<li><strong>Reconocer<\/strong> lo que duele y lo que limita.<\/li>\n\n\n\n<li><strong>Liberar<\/strong> lo que ya no necesitas cargar.<\/li>\n\n\n\n<li><strong>Renacer<\/strong> con una claridad nueva sobre qui\u00e9n eres y c\u00f3mo quieres vivir.<\/li>\n<\/ul>\n\n\n\n<p>Acompa\u00f1ada por rituales ancestrales, pr\u00e1cticas corporales y espacios de integraci\u00f3n, la medicina se convierte en el <strong>coraz\u00f3n de un proceso m\u00e1s grande<\/strong>: un viaje de sanaci\u00f3n que comienza en el retiro y contin\u00faa en tu vida cotidiana.<\/p>\n<\/div><\/div><\/div>\n\n\n\n<div class=\"wp-block-stackable-column stk-block-column stk-column stk-block stk-268b271\" data-v=\"4\" data-block-id=\"268b271\"><div class=\"stk-column-wrapper stk-block-column__content stk-container stk-268b271-container stk--no-background stk--no-padding\"><div class=\"has-text-align-center stk-block-content stk-inner-blocks stk-268b271-inner-blocks\">\n<div class=\"wp-block-stackable-image stk-block-image stk-block stk-72de865\" data-block-id=\"72de865\"><style>.stk-72de865 .stk-img-wrapper{aspect-ratio:1\/1 !important;height:auto !important;}@media screen and (max-width:999px){.stk-72de865 .stk-img-wrapper{height:auto !important;}}@media screen and (max-width:689px){.stk-72de865 .stk-img-wrapper{height:auto !important;}}<\/style><figure><span class=\"stk-img-wrapper stk-image--shape-stretch\"><img loading=\"lazy\" decoding=\"async\" class=\"stk-img wp-image-2508\" src=\"https:\/\/opuntiaretreats.com\/wp-content\/uploads\/2025\/09\/mujer-hongo.webp\" width=\"822\" height=\"461\" srcset=\"https:\/\/opuntiaretreats.com\/wp-content\/uploads\/2025\/09\/mujer-hongo.webp 822w, https:\/\/opuntiaretreats.com\/wp-content\/uploads\/2025\/09\/mujer-hongo-300x168.webp 300w, https:\/\/opuntiaretreats.com\/wp-content\/uploads\/2025\/09\/mujer-hongo-768x431.webp 768w\" sizes=\"auto, (max-width: 822px) 100vw, 822px\" \/><\/span><\/figure><\/div>\n<\/div><\/div><\/div>\n<\/div><\/div>\n\n\n\n<p><\/p>","protected":false},"excerpt":{"rendered":"<p>En cada retiro, la psilocibina ocupa un lugar central: es la llave sagrada que abre la puerta al inconsciente. Un acceso profundo a ese espacio interior donde habitan recuerdos, emociones [&hellip;]<\/p>","protected":false},"author":1,"featured_media":0,"parent":0,"menu_order":0,"comment_status":"closed","ping_status":"closed","template":"","meta":{"_gspb_post_css":"","footnotes":""},"class_list":["post-762","page","type-page","status-publish","hentry"],"blocksy_meta":[],"_links":{"self":[{"href":"https:\/\/opuntiaretreats.com\/en\/wp-json\/wp\/v2\/pages\/762","targetHints":{"allow":["GET"]}}],"collection":[{"href":"https:\/\/opuntiaretreats.com\/en\/wp-json\/wp\/v2\/pages"}],"about":[{"href":"https:\/\/opuntiaretreats.com\/en\/wp-json\/wp\/v2\/types\/page"}],"author":[{"embeddable":true,"href":"https:\/\/opuntiaretreats.com\/en\/wp-json\/wp\/v2\/users\/1"}],"replies":[{"embeddable":true,"href":"https:\/\/opuntiaretreats.com\/en\/wp-json\/wp\/v2\/comments?post=762"}],"version-history":[{"count":5,"href":"https:\/\/opuntiaretreats.com\/en\/wp-json\/wp\/v2\/pages\/762\/revisions"}],"predecessor-version":[{"id":2685,"href":"https:\/\/opuntiaretreats.com\/en\/wp-json\/wp\/v2\/pages\/762\/revisions\/2685"}],"wp:attachment":[{"href":"https:\/\/opuntiaretreats.com\/en\/wp-json\/wp\/v2\/media?parent=762"}],"curies":[{"name":"wp","href":"https:\/\/api.w.org\/{rel}","templated":true}]}}