{"id":760,"date":"2025-08-29T18:02:10","date_gmt":"2025-08-29T18:02:10","guid":{"rendered":"http:\/\/opuntiaretreats.com\/about\/"},"modified":"2025-09-12T02:44:38","modified_gmt":"2025-09-11T23:44:38","slug":"about","status":"publish","type":"page","link":"https:\/\/opuntiaretreats.com\/en\/about\/","title":{"rendered":"About us"},"content":{"rendered":"<p class=\"has-large-font-size\"><strong>A sanctuary for your transformation.<\/strong><\/p>\n\n\n\n<div class=\"wp-block-stackable-columns alignfull stk-block-columns stk-block stk-e95f8f8\" data-block-id=\"e95f8f8\"><style>.stk-e95f8f8 {margin-top:var(--stk--preset--spacing--70, 3.38rem) !important;margin-bottom:var(--stk--preset--spacing--70, 3.38rem) !important;}<\/style><div class=\"stk-row stk-inner-blocks stk-block-content stk-content-align stk-e95f8f8-column alignwide\">\n<div class=\"wp-block-stackable-column stk-block-column stk-column stk-block stk-89cf619\" data-v=\"4\" data-block-id=\"89cf619\"><div class=\"stk-column-wrapper stk-block-column__content stk-container stk-89cf619-container stk--no-background stk--no-padding\"><div class=\"stk-block-content stk-inner-blocks stk-89cf619-inner-blocks\">\n<div class=\"wp-block-stackable-carousel stk-block-carousel stk--is-slide stk--arrows-justify-space-between stk--arrows-align-center stk-block stk-a11d629\" data-slides-to-show=\"\" data-block-id=\"a11d629\"><div class=\"stk-block-carousel__content-wrapper\"><div class=\"stk-row stk-inner-blocks stk-block-content stk-block-carousel__slider-wrapper stk-content-align stk-a11d629-column\"><div class=\"stk-block-carousel__slider\" role=\"list\" data-autoplay=\"4000\" data-label-slide-of=\"Slide %%d of %%d\">\n<div class=\"wp-block-stackable-column stk-block-column stk-column stk-block stk-4fa47df\" data-v=\"4\" data-block-id=\"4fa47df\"><div class=\"stk-column-wrapper stk-block-column__content stk-container stk-4fa47df-container stk--no-background stk--no-padding\"><div class=\"stk-block-content stk-inner-blocks stk-4fa47df-inner-blocks\">\n<div class=\"wp-block-stackable-image stk-block-image stk-block stk-856ffde\" data-block-id=\"856ffde\"><style>.stk-856ffde .stk-img-wrapper{aspect-ratio:3\/1 !important;width:600px !important;height:auto !important;}@media screen and (max-width:999px){.stk-856ffde .stk-img-wrapper{height:auto !important;}}@media screen and (max-width:689px){.stk-856ffde .stk-img-wrapper{height:auto !important;}}<\/style><figure><span class=\"stk-img-wrapper stk-image--shape-stretch\"><img loading=\"lazy\" decoding=\"async\" class=\"stk-img wp-image-2502\" src=\"https:\/\/opuntiaretreats.com\/wp-content\/uploads\/2025\/09\/Espejo-de-agua-con-calacas.jpg\" width=\"1280\" height=\"960\" srcset=\"https:\/\/opuntiaretreats.com\/wp-content\/uploads\/2025\/09\/Espejo-de-agua-con-calacas.jpg 1280w, https:\/\/opuntiaretreats.com\/wp-content\/uploads\/2025\/09\/Espejo-de-agua-con-calacas-300x225.jpg 300w, https:\/\/opuntiaretreats.com\/wp-content\/uploads\/2025\/09\/Espejo-de-agua-con-calacas-1024x768.jpg 1024w, https:\/\/opuntiaretreats.com\/wp-content\/uploads\/2025\/09\/Espejo-de-agua-con-calacas-768x576.jpg 768w\" sizes=\"auto, (max-width: 1280px) 100vw, 1280px\" \/><\/span><\/figure><\/div>\n<\/div><\/div><\/div>\n\n\n\n<div class=\"wp-block-stackable-column stk-block-column stk-column stk-block stk-ff99140 stk-block-background stk--has-background-overlay\" data-v=\"4\" data-block-id=\"ff99140\"><style>.stk-ff99140 {background-image:url(https:\/\/opuntiaretreats.com\/wp-content\/uploads\/2025\/09\/comida-sana.webp) !important;}<\/style><div class=\"stk-column-wrapper stk-block-column__content stk-container stk-ff99140-container stk--no-background stk--no-padding\"><div class=\"stk-block-content stk-inner-blocks stk-ff99140-inner-blocks\"><\/div><\/div><\/div>\n\n\n\n<div class=\"wp-block-stackable-column stk-block-column stk-column stk-block stk-ab0da4b stk-block-background stk--has-background-overlay\" data-v=\"4\" data-block-id=\"ab0da4b\"><style>.stk-ab0da4b {background-image:url(https:\/\/opuntiaretreats.com\/wp-content\/uploads\/2025\/09\/Temazcallli.webp) !important;}<\/style><div class=\"stk-column-wrapper stk-block-column__content stk-container stk-ab0da4b-container stk--no-background stk--no-padding\"><div class=\"stk-block-content stk-inner-blocks stk-ab0da4b-inner-blocks\"><\/div><\/div><\/div>\n\n\n\n<div class=\"wp-block-stackable-column stk-block-column stk-column stk-block stk-a5789d8 stk-block-background stk--has-background-overlay\" data-v=\"4\" data-block-id=\"a5789d8\"><style>.stk-a5789d8 {background-image:url(https:\/\/opuntiaretreats.com\/wp-content\/uploads\/2025\/09\/suite-3.jpg) !important;}<\/style><div class=\"stk-column-wrapper stk-block-column__content stk-container stk-a5789d8-container stk--no-background stk--no-padding\"><div class=\"stk-block-content stk-inner-blocks stk-a5789d8-inner-blocks\"><\/div><\/div><\/div>\n\n\n\n<div class=\"wp-block-stackable-column stk-block-column stk-column stk-block stk-ea533ff stk-block-background stk--has-background-overlay\" data-v=\"4\" data-block-id=\"ea533ff\"><style>.stk-ea533ff {background-image:url(https:\/\/opuntiaretreats.com\/wp-content\/uploads\/2025\/09\/Cacao.webp) !important;}<\/style><div class=\"stk-column-wrapper stk-block-column__content stk-container stk-ea533ff-container stk--no-background stk--no-padding\"><div class=\"stk-block-content stk-inner-blocks stk-ea533ff-inner-blocks\"><\/div><\/div><\/div>\n<\/div><div class=\"stk-block-carousel__buttons\"><button class=\"stk-block-carousel__button stk-block-carousel__button__prev\" aria-label=\"Previous slide\"><svg aria-hidden=\"true\" focusable=\"false\" data-prefix=\"fas\" data-icon=\"chevron-left\" class=\"svg-inline--fa fa-chevron-left\" xmlns=\"http:\/\/www.w3.org\/2000\/svg\" viewbox=\"0 0 320 512\" width=\"32\" height=\"32\"><path d=\"M34.52 239.03L228.87 44.69c9.37-9.37 24.57-9.37 33.94 0l22.67 22.67c9.36 9.36 9.37 24.52.04 33.9L131.49 256l154.02 154.75c9.34 9.38 9.32 24.54-.04 33.9l-22.67 22.67c-9.37 9.37-24.57 9.37-33.94 0L34.52 272.97c-9.37-9.37-9.37-24.57 0-33.94z\"><\/path><\/svg><\/button><button class=\"stk-block-carousel__button stk-block-carousel__button__next\" aria-label=\"Next slide\"><svg aria-hidden=\"true\" focusable=\"false\" data-prefix=\"fas\" data-icon=\"chevron-right\" class=\"svg-inline--fa fa-chevron-right\" xmlns=\"http:\/\/www.w3.org\/2000\/svg\" viewbox=\"0 0 320 512\" width=\"32\" height=\"32\"><path d=\"M285.476 272.971L91.132 467.314c-9.373 9.373-24.569 9.373-33.941 0l-22.667-22.667c-9.357-9.357-9.375-24.522-.04-33.901L188.505 256 34.484 101.255c-9.335-9.379-9.317-24.544.04-33.901l22.667-22.667c9.373-9.373 24.569-9.373 33.941 0L285.475 239.03c9.373 9.372 9.373 24.568.001 33.941z\"><\/path><\/svg><\/button><\/div><\/div><\/div><\/div>\n\n\n\n<div class=\"wp-block-stackable-text stk-block-text stk-block stk-787a2fc\" data-block-id=\"787a2fc\"><p class=\"stk-block-text__text translation-block\">At <strong>Opuntia Retreats<\/strong>, we believe that true transformation happens when human beings reconnect with nature, with ancestral rituals, and with professional guidance that supports every step of the journey.<\/p><\/div>\n\n\n\n<p class=\"translation-block\">Our purpose is to create exclusive spaces where people can <strong>heal, release, and be reborn<\/strong>. To achieve this, we combine:<\/p>\n\n\n\n<ul class=\"wp-block-list\">\n<li class=\"translation-block\"><strong>A unique place<\/strong>: Opuntia, a natural sanctuary with luxury suites and absolute privacy.<\/li>\n\n\n\n<li class=\"translation-block\"><strong>Ancestral tools<\/strong>: cacao, temazcal, bio-vibrations, and grounding practices.<\/li>\n\n\n\n<li class=\"translation-block\"><strong>Sacred medicine<\/strong>: psilocybin accompanied with ethics, respect, and safe protocols.<\/li>\n\n\n\n<li class=\"translation-block\"><strong>Professional support<\/strong>: humanistic integrative psychotherapy and medical staff available 24\/7.<\/li>\n\n\n\n<li class=\"translation-block\"><strong>Mindful nutrition<\/strong>: designed to nourish body and mind at every stage of the process.<\/li>\n<\/ul>\n\n\n\n<p class=\"translation-block\">\u2728 <em>Our essence is simple: to unite the ancestral, the human, and the modern in a journey of integral transformation. A retreat is not just an experience\u2014it is a new beginning.<\/em><\/p>\n<\/div><\/div><\/div>\n<\/div><\/div>","protected":false},"excerpt":{"rendered":"<p>Un santuario para tu transformaci\u00f3n En Retiros Opuntia creemos que la verdadera transformaci\u00f3n ocurre cuando el ser humano se encuentra con la naturaleza, con rituales ancestrales y con un acompa\u00f1amiento [&hellip;]<\/p>","protected":false},"author":1,"featured_media":0,"parent":0,"menu_order":0,"comment_status":"closed","ping_status":"closed","template":"","meta":{"_gspb_post_css":"","footnotes":""},"class_list":["post-760","page","type-page","status-publish","hentry"],"blocksy_meta":[],"_links":{"self":[{"href":"https:\/\/opuntiaretreats.com\/en\/wp-json\/wp\/v2\/pages\/760","targetHints":{"allow":["GET"]}}],"collection":[{"href":"https:\/\/opuntiaretreats.com\/en\/wp-json\/wp\/v2\/pages"}],"about":[{"href":"https:\/\/opuntiaretreats.com\/en\/wp-json\/wp\/v2\/types\/page"}],"author":[{"embeddable":true,"href":"https:\/\/opuntiaretreats.com\/en\/wp-json\/wp\/v2\/users\/1"}],"replies":[{"embeddable":true,"href":"https:\/\/opuntiaretreats.com\/en\/wp-json\/wp\/v2\/comments?post=760"}],"version-history":[{"count":5,"href":"https:\/\/opuntiaretreats.com\/en\/wp-json\/wp\/v2\/pages\/760\/revisions"}],"predecessor-version":[{"id":2687,"href":"https:\/\/opuntiaretreats.com\/en\/wp-json\/wp\/v2\/pages\/760\/revisions\/2687"}],"wp:attachment":[{"href":"https:\/\/opuntiaretreats.com\/en\/wp-json\/wp\/v2\/media?parent=760"}],"curies":[{"name":"wp","href":"https:\/\/api.w.org\/{rel}","templated":true}]}}