{"id":2745,"date":"2025-09-17T21:17:54","date_gmt":"2025-09-17T18:17:54","guid":{"rendered":"https:\/\/opuntiaretreats.com\/el-gran-viaje-con-yoga\/"},"modified":"2025-09-17T21:50:18","modified_gmt":"2025-09-17T18:50:18","slug":"el-gran-viaje-con-yoga","status":"publish","type":"page","link":"https:\/\/opuntiaretreats.com\/en\/el-gran-viaje-con-yoga\/","title":{"rendered":"The Grand Journey with Yoga"},"content":{"rendered":"<div class=\"wp-block-stackable-columns alignfull stk-block-columns stk-block stk-84be71d\" data-block-id=\"84be71d\"><style>.stk-84be71d {margin-top:var(--stk--preset--spacing--70, 3.38rem) !important;margin-bottom:var(--stk--preset--spacing--70, 3.38rem) !important;}<\/style><div class=\"stk-row stk-inner-blocks stk-block-content stk-content-align stk-84be71d-column alignwide\">\n<div class=\"wp-block-stackable-column stk-block-column stk-column stk-block stk-6e1f64b\" data-v=\"4\" data-block-id=\"6e1f64b\"><div class=\"stk-column-wrapper stk-block-column__content stk-container stk-6e1f64b-container stk--no-background stk--no-padding\"><div class=\"stk-block-content stk-inner-blocks stk-6e1f64b-inner-blocks\">\n<div class=\"wp-block-stackable-columns stk-block-columns stk-block stk-e4c1a08\" data-block-id=\"e4c1a08\"><style>.stk-e4c1a08 .stk--block-align-e4c1a08{align-items:center !important;}<\/style><div class=\"stk-row stk-inner-blocks stk--block-align-e4c1a08 stk-block-content stk-content-align stk-e4c1a08-column\">\n<div class=\"wp-block-stackable-column stk-block-column stk-column stk-block stk-33ef23f\" data-v=\"4\" data-block-id=\"33ef23f\"><div class=\"stk-column-wrapper stk-block-column__content stk-container stk-33ef23f-container stk--no-background stk--no-padding\"><div class=\"stk-block-content stk-inner-blocks stk-33ef23f-inner-blocks\">\n<div class=\"wp-block-stackable-image stk-block-image stk-block stk-9783645\" data-block-id=\"9783645\"><figure><span class=\"stk-img-wrapper stk-image--shape-stretch\"><img loading=\"lazy\" decoding=\"async\" class=\"stk-img wp-image-5695\" src=\"https:\/\/opuntiaretreats.com\/wp-content\/uploads\/2025\/09\/stk-design-library-image-1.jpeg\" width=\"1125\" height=\"750\"\/><\/span><\/figure><\/div>\n<\/div><\/div><\/div>\n\n\n\n<div class=\"wp-block-stackable-column stk-block-column stk-column stk-block stk-0a43f63\" data-v=\"4\" data-block-id=\"0a43f63\"><div class=\"stk-column-wrapper stk-block-column__content stk-container stk-0a43f63-container stk--no-background stk--no-padding\"><div class=\"stk-block-content stk-inner-blocks stk-0a43f63-inner-blocks\">\n<div class=\"wp-block-stackable-subtitle stk-block-subtitle stk-block stk-33ec0e8\" data-block-id=\"33ec0e8\"><style>.stk-33ec0e8 .stk-block-subtitle__text{font-size:var(--stk--preset--font-size--medium, 1rem) !important;}@media screen and (max-width:999px){.stk-33ec0e8 .stk-block-subtitle__text{font-size:var(--stk--preset--font-size--medium, 1rem) !important;}}<\/style><p class=\"stk-block-subtitle__text stk-subtitle\"><strong>Day 1 \u2013 Earth<\/strong><\/p><\/div>\n\n\n\n<div class=\"wp-block-stackable-text stk-block-text stk-block stk-4057960\" data-block-id=\"4057960\"><p class=\"stk-block-text__text\"><br>Upon arrival, a sunset cacao ceremony awaits. Cacao opens the roots, awakens connection with the earthly, and prepares the heart for the journey ahead.<\/p><\/div>\n<\/div><\/div><\/div>\n<\/div><\/div>\n\n\n\n<div class=\"wp-block-stackable-columns stk-block-columns stk-block stk-8834342\" data-block-id=\"8834342\"><style>.stk-8834342 .stk--block-align-8834342{align-items:center !important;}<\/style><div class=\"stk-row stk-inner-blocks stk--block-align-8834342 stk-block-content stk-content-align stk-8834342-column\">\n<div class=\"wp-block-stackable-column stk-block-column stk-column stk-block stk-d5a3115\" data-v=\"4\" data-block-id=\"d5a3115\"><div class=\"stk-column-wrapper stk-block-column__content stk-container stk-d5a3115-container stk--no-background stk--no-padding\"><div class=\"stk-block-content stk-inner-blocks stk-d5a3115-inner-blocks\">\n<div class=\"wp-block-stackable-subtitle stk-block-subtitle stk-block stk-6e1d676\" data-block-id=\"6e1d676\"><style>.stk-6e1d676 .stk-block-subtitle__text{font-size:var(--stk--preset--font-size--medium, 1rem) !important;}@media screen and (max-width:999px){.stk-6e1d676 .stk-block-subtitle__text{font-size:var(--stk--preset--font-size--medium, 1rem) !important;}}<\/style><p class=\"stk-block-subtitle__text stk-subtitle\"><strong>Day 2 - Earth -Fire<\/strong><\/p><\/div>\n\n\n\n<div class=\"wp-block-stackable-text stk-block-text stk-block stk-46236bc\" data-block-id=\"46236bc\"><p class=\"stk-block-text__text\">Therapeutic yoga to release and prepare the body<br>Psilocybin ceremony guided by a psychotherapist<br>At the end of the day, a temazcal with fire and steam to integrate the experience and be reborn lighter.<br>Spaces for contemplation or personal guidance<\/p><\/div>\n<\/div><\/div><\/div>\n<\/div><\/div>\n\n\n\n<div class=\"wp-block-stackable-columns stk-block-columns stk-block stk-bc4a7d2\" data-block-id=\"bc4a7d2\"><style>.stk-bc4a7d2 .stk--block-align-bc4a7d2{align-items:center !important;}<\/style><div class=\"stk-row stk-inner-blocks stk--block-align-bc4a7d2 stk-block-content stk-content-align stk-bc4a7d2-column\">\n<div class=\"wp-block-stackable-column stk-block-column stk-column stk-block stk-463fa6b\" data-v=\"4\" data-block-id=\"463fa6b\"><div class=\"stk-column-wrapper stk-block-column__content stk-container stk-463fa6b-container stk--no-background stk--no-padding\"><div class=\"stk-block-content stk-inner-blocks stk-463fa6b-inner-blocks\">\n<div class=\"wp-block-stackable-subtitle stk-block-subtitle stk-block stk-07e8a39\" data-block-id=\"07e8a39\"><style>.stk-07e8a39 .stk-block-subtitle__text{font-size:var(--stk--preset--font-size--medium, 1rem) !important;}@media screen and (max-width:999px){.stk-07e8a39 .stk-block-subtitle__text{font-size:var(--stk--preset--font-size--medium, 1rem) !important;}}<\/style><p class=\"stk-block-subtitle__text stk-subtitle\"><strong>Day 3 - Earth<\/strong><\/p><\/div>\n\n\n\n<div class=\"wp-block-stackable-text stk-block-text stk-block stk-35fd0bf\" data-block-id=\"35fd0bf\"><p class=\"stk-block-text__text\">Mindful walk at dawn<br>Yoga at the summit with heart-opening postures and deep breathing.<br>Silent meditation for integration.<br>Spaces for contemplation or personal guidance<\/p><\/div>\n<\/div><\/div><\/div>\n<\/div><\/div>\n\n\n\n<div class=\"wp-block-stackable-columns stk-block-columns stk-block stk-a24b4cb\" data-block-id=\"a24b4cb\"><style>.stk-a24b4cb .stk--block-align-a24b4cb{align-items:center !important;}<\/style><div class=\"stk-row stk-inner-blocks stk--block-align-a24b4cb stk-block-content stk-content-align stk-a24b4cb-column\">\n<div class=\"wp-block-stackable-column stk-block-column stk-column stk-block stk-ff57da5\" data-v=\"4\" data-block-id=\"ff57da5\"><div class=\"stk-column-wrapper stk-block-column__content stk-container stk-ff57da5-container stk--no-background stk--no-padding\"><div class=\"stk-block-content stk-inner-blocks stk-ff57da5-inner-blocks\">\n<div class=\"wp-block-stackable-subtitle stk-block-subtitle stk-block stk-eebc084\" data-block-id=\"eebc084\"><style>.stk-eebc084 .stk-block-subtitle__text{font-size:var(--stk--preset--font-size--medium, 1rem) !important;}@media screen and (max-width:999px){.stk-eebc084 .stk-block-subtitle__text{font-size:var(--stk--preset--font-size--medium, 1rem) !important;}}<\/style><p class=\"stk-block-subtitle__text stk-subtitle\">D\u00ed<strong>Day 4 - Water<\/strong><\/p><\/div>\n\n\n\n<div class=\"wp-block-stackable-text stk-block-text stk-block stk-2beb7b0\" data-block-id=\"2beb7b0\"><p class=\"stk-block-text__text\">Gentle yoga to relax and awaken sensitivity<br>Sound healling and sound bowl session: vibration and flowing water to resonate and restore<br>Free afternoon for rest, contemplation, or personal guidance<\/p><\/div>\n<\/div><\/div><\/div>\n<\/div><\/div>\n\n\n\n<div class=\"wp-block-stackable-columns stk-block-columns stk-block stk-cd1097a\" data-block-id=\"cd1097a\"><style>.stk-cd1097a .stk--block-align-cd1097a{align-items:center !important;}<\/style><div class=\"stk-row stk-inner-blocks stk--block-align-cd1097a stk-block-content stk-content-align stk-cd1097a-column\">\n<div class=\"wp-block-stackable-column stk-block-column stk-column stk-block stk-c3b0777\" data-v=\"4\" data-block-id=\"c3b0777\"><div class=\"stk-column-wrapper stk-block-column__content stk-container stk-c3b0777-container stk--no-background stk--no-padding\"><div class=\"stk-block-content stk-inner-blocks stk-c3b0777-inner-blocks\">\n<div class=\"wp-block-stackable-subtitle stk-block-subtitle stk-block stk-63ac09b\" data-block-id=\"63ac09b\"><style>.stk-63ac09b .stk-block-subtitle__text{font-size:var(--stk--preset--font-size--medium, 1rem) !important;}@media screen and (max-width:999px){.stk-63ac09b .stk-block-subtitle__text{font-size:var(--stk--preset--font-size--medium, 1rem) !important;}}<\/style><p class=\"stk-block-subtitle__text stk-subtitle\">D\u00ed<strong>Day 5 - Fire<\/strong><\/p><\/div>\n\n\n\n<div class=\"wp-block-stackable-text stk-block-text stk-block stk-7cbc90f\" data-block-id=\"7cbc90f\"><p class=\"stk-block-text__text\">Therapeutic yoga focused on trust and surrender.<br>Second psilocybin ceremony, deeper, guided, and held<br>At the end of the day, temazcal: a purifying fire that transforms what was lived into learning<br>Spaces for contemplation or personal guidance<\/p><\/div>\n<\/div><\/div><\/div>\n<\/div><\/div>\n\n\n\n<div class=\"wp-block-stackable-columns stk-block-columns stk-block stk-1b98200\" data-block-id=\"1b98200\"><style>.stk-1b98200 .stk--block-align-1b98200{align-items:center !important;}<\/style><div class=\"stk-row stk-inner-blocks stk--block-align-1b98200 stk-block-content stk-content-align stk-1b98200-column\">\n<div class=\"wp-block-stackable-column stk-block-column stk-column stk-block stk-d6641ab\" data-v=\"4\" data-block-id=\"d6641ab\"><div class=\"stk-column-wrapper stk-block-column__content stk-container stk-d6641ab-container stk--no-background stk--no-padding\"><div class=\"stk-block-content stk-inner-blocks stk-d6641ab-inner-blocks\">\n<div class=\"wp-block-stackable-subtitle stk-block-subtitle stk-block stk-bb1374f\" data-block-id=\"bb1374f\"><style>.stk-bb1374f .stk-block-subtitle__text{font-size:var(--stk--preset--font-size--medium, 1rem) !important;}@media screen and (max-width:999px){.stk-bb1374f .stk-block-subtitle__text{font-size:var(--stk--preset--font-size--medium, 1rem) !important;}}<\/style><p class=\"stk-block-subtitle__text stk-subtitle\">D\u00ed<strong>Day 6 - Integration<\/strong><\/p><\/div>\n\n\n\n<div class=\"wp-block-stackable-text stk-block-text stk-block stk-019b6fd\" data-block-id=\"019b6fd\"><p class=\"stk-block-text__text\">Mindful walk at dawn<br>Therapeutic yoga to root what has been learned.<br>Talking circle: sharing experiences in group, anchoring emotions, and preparing for the return<br>Closing ceremony with all the elements present<br>Spaces for contemplation or personal guidance<\/p><\/div>\n<\/div><\/div><\/div>\n<\/div><\/div>\n\n\n\n<div class=\"wp-block-stackable-columns stk-block-columns stk-block stk-c20540c\" data-block-id=\"c20540c\"><style>.stk-c20540c .stk--block-align-c20540c{align-items:center !important;}<\/style><div class=\"stk-row stk-inner-blocks stk--block-align-c20540c stk-block-content stk-content-align stk-c20540c-column\">\n<div class=\"wp-block-stackable-column stk-block-column stk-column stk-block stk-f528065\" data-v=\"4\" data-block-id=\"f528065\"><div class=\"stk-column-wrapper stk-block-column__content stk-container stk-f528065-container stk--no-background stk--no-padding\"><div class=\"stk-block-content stk-inner-blocks stk-f528065-inner-blocks\">\n<div class=\"wp-block-stackable-subtitle stk-block-subtitle stk-block stk-34f43b6\" data-block-id=\"34f43b6\"><style>.stk-34f43b6 .stk-block-subtitle__text{font-size:var(--stk--preset--font-size--medium, 1rem) !important;}@media screen and (max-width:999px){.stk-34f43b6 .stk-block-subtitle__text{font-size:var(--stk--preset--font-size--medium, 1rem) !important;}}<\/style><p class=\"stk-block-subtitle__text stk-subtitle\">D\u00ed<strong>Day 7 -Return<\/strong><\/p><\/div>\n\n\n\n<div class=\"wp-block-stackable-text stk-block-text stk-block stk-e9a757c\" data-block-id=\"e9a757c\"><p class=\"stk-block-text__text\">Mindful breakfast, farewell, and integration.<br>Return to daily life with new roots and an expanded heart<\/p><\/div>\n<\/div><\/div><\/div>\n<\/div><\/div>\n\n\n\n<div class=\"wp-block-stackable-columns stk-block-columns stk-block stk-f8adbfb\" data-block-id=\"f8adbfb\"><style>.stk-f8adbfb .stk--block-align-f8adbfb{align-items:center !important;}<\/style><div class=\"stk-row stk-inner-blocks stk--block-align-f8adbfb stk-block-content stk-content-align stk-f8adbfb-column\">\n<div class=\"wp-block-stackable-column stk-block-column stk-column stk-block stk-4946b1c\" data-v=\"4\" data-block-id=\"4946b1c\"><div class=\"stk-column-wrapper stk-block-column__content stk-container stk-4946b1c-container stk--no-background stk--no-padding\"><div class=\"stk-block-content stk-inner-blocks stk-4946b1c-inner-blocks\">\n<div class=\"wp-block-stackable-subtitle stk-block-subtitle stk-block stk-d2e7c9e\" data-block-id=\"d2e7c9e\"><style>.stk-d2e7c9e .stk-block-subtitle__text{font-size:var(--stk--preset--font-size--medium, 1rem) !important;}@media screen and (max-width:999px){.stk-d2e7c9e .stk-block-subtitle__text{font-size:var(--stk--preset--font-size--medium, 1rem) !important;}}<\/style><p class=\"stk-block-subtitle__text stk-subtitle\"><strong>What does your Grand Journey include?<\/strong><\/p><\/div>\n\n\n\n<div class=\"wp-block-stackable-text stk-block-text stk-block stk-bd03333\" data-block-id=\"bd03333\"><p class=\"stk-block-text__text\">\u2713 6 nights of accommodation at Opuntia<br>\u2713 Mindful nutrition throughout the entire retreat<br>\u2713 Ceremonies and rituals: cacao, two psilocybin ceremonies, two temazcals, mindful walks, bioresonance, and sound bowls<br>\u2713 Daily therapeutic yoga sessions guided by a specialist<br>\u2713 Spaces for contemplation and personal guidance<br>\u2713 Acompa\u00f1amiento profesional y contenci\u00f3n emocional durante todo el proceso<\/p><\/div>\n\n\n\n<p><em>(Transporte no incluido \u2014 disponible con costo adicional)<\/em><\/p>\n\n\n\n<p>El <strong><em>Grand Journey is more than a retreat: it is an initiatory path to stop thinking and dare to feel.<br>Siete d\u00edas para abrir el coraz\u00f3n, atravesar tus sombras y regresar transformado.<\/em><\/strong><\/p>\n<\/div><\/div><\/div>\n<\/div><\/div>\n<\/div><\/div><\/div>\n<\/div><\/div>\n\n\n\n<div class=\"wp-block-stackable-button-group stk-block-button-group stk-block stk-83b1859\" data-block-id=\"83b1859\"><div class=\"stk-row stk-inner-blocks stk-block-content stk-button-group\">\n<div class=\"wp-block-stackable-button stk-block-button stk-block stk-f8318af\" data-block-id=\"f8318af\"><style>.stk-f8318af {align-items:center !important;display:flex !important;}<\/style><a class=\"stk-link stk-button stk--hover-effect-darken\" href=\"https:\/\/wa.me\/524421090843\"><span class=\"stk-button__inner-text\">Book your spot<\/span><\/a><\/div>\n<\/div><\/div>","protected":false},"excerpt":{"rendered":"<p>D\u00eda 1 \u2013 Tierra A tu llegada, ceremonia de cacao al atardecer. El cacao abre la ra\u00edz, despierta la conexi\u00f3n con lo terrenal y prepara el coraz\u00f3n para el viaje [&hellip;]<\/p>","protected":false},"author":1,"featured_media":0,"parent":0,"menu_order":0,"comment_status":"closed","ping_status":"closed","template":"","meta":{"_gspb_post_css":"","footnotes":""},"class_list":["post-2745","page","type-page","status-publish","hentry"],"blocksy_meta":[],"_links":{"self":[{"href":"https:\/\/opuntiaretreats.com\/en\/wp-json\/wp\/v2\/pages\/2745","targetHints":{"allow":["GET"]}}],"collection":[{"href":"https:\/\/opuntiaretreats.com\/en\/wp-json\/wp\/v2\/pages"}],"about":[{"href":"https:\/\/opuntiaretreats.com\/en\/wp-json\/wp\/v2\/types\/page"}],"author":[{"embeddable":true,"href":"https:\/\/opuntiaretreats.com\/en\/wp-json\/wp\/v2\/users\/1"}],"replies":[{"embeddable":true,"href":"https:\/\/opuntiaretreats.com\/en\/wp-json\/wp\/v2\/comments?post=2745"}],"version-history":[{"count":3,"href":"https:\/\/opuntiaretreats.com\/en\/wp-json\/wp\/v2\/pages\/2745\/revisions"}],"predecessor-version":[{"id":2751,"href":"https:\/\/opuntiaretreats.com\/en\/wp-json\/wp\/v2\/pages\/2745\/revisions\/2751"}],"wp:attachment":[{"href":"https:\/\/opuntiaretreats.com\/en\/wp-json\/wp\/v2\/media?parent=2745"}],"curies":[{"name":"wp","href":"https:\/\/api.w.org\/{rel}","templated":true}]}}