{"id":2709,"date":"2025-09-15T20:55:52","date_gmt":"2025-09-15T17:55:52","guid":{"rendered":"https:\/\/opuntiaretreats.com\/travesia-con-yoga\/"},"modified":"2025-09-17T21:06:47","modified_gmt":"2025-09-17T18:06:47","slug":"travesia-con-yoga","status":"publish","type":"page","link":"https:\/\/opuntiaretreats.com\/en\/travesia-con-yoga\/","title":{"rendered":"Traves\u00eda Con Yoga"},"content":{"rendered":"<p class=\"has-medium-font-size\">Un retiro de 4 d\u00edas y 3 noches donde el yoga terap\u00e9utico prepara el cuerpo y el coraz\u00f3n para cada ritual. Cacao, psilocibina, temazcal, caminata consciente y bioresonancia se entrelazan en un camino de transformaci\u00f3n profunda.<\/p>\n\n\n\n<div class=\"wp-block-stackable-columns alignfull stk-block-columns stk-block stk-84be71d\" data-block-id=\"84be71d\"><style>.stk-84be71d {margin-top:var(--stk--preset--spacing--70, 3.38rem) !important;margin-bottom:var(--stk--preset--spacing--70, 3.38rem) !important;}<\/style><div class=\"stk-row stk-inner-blocks stk-block-content stk-content-align stk-84be71d-column alignwide\">\n<div class=\"wp-block-stackable-column stk-block-column stk-column stk-block stk-53b379d\" data-v=\"4\" data-block-id=\"53b379d\"><div class=\"stk-column-wrapper stk-block-column__content stk-container stk-53b379d-container stk--no-background stk--no-padding\"><div class=\"stk-block-content stk-inner-blocks stk-53b379d-inner-blocks\">\n<div class=\"wp-block-stackable-columns stk-block-columns stk-block stk-e4c1a08\" data-block-id=\"e4c1a08\"><style>.stk-e4c1a08 .stk--block-align-e4c1a08{align-items:center !important;}<\/style><div class=\"stk-row stk-inner-blocks stk--block-align-e4c1a08 stk-block-content stk-content-align stk-e4c1a08-column\">\n<div class=\"wp-block-stackable-column stk-block-column stk-column stk-block stk-69dfe62\" data-v=\"4\" data-block-id=\"69dfe62\"><div class=\"stk-column-wrapper stk-block-column__content stk-container stk-69dfe62-container stk--no-background stk--no-padding\"><div class=\"stk-block-content stk-inner-blocks stk-69dfe62-inner-blocks\">\n<div class=\"wp-block-stackable-image stk-block-image stk-block stk-2f8d1b7\" data-block-id=\"2f8d1b7\"><style>.stk-2f8d1b7 .stk-img-wrapper{width:527px !important;}<\/style><figure><span class=\"stk-img-wrapper stk-image--shape-stretch\"><img loading=\"lazy\" decoding=\"async\" class=\"stk-img wp-image-2716\" src=\"https:\/\/opuntiaretreats.com\/wp-content\/uploads\/2025\/09\/imagen-cacao-para-retiro.webp\" width=\"527\" height=\"527\" srcset=\"https:\/\/opuntiaretreats.com\/wp-content\/uploads\/2025\/09\/imagen-cacao-para-retiro.webp 527w, https:\/\/opuntiaretreats.com\/wp-content\/uploads\/2025\/09\/imagen-cacao-para-retiro-300x300.webp 300w, https:\/\/opuntiaretreats.com\/wp-content\/uploads\/2025\/09\/imagen-cacao-para-retiro-150x150.webp 150w\" sizes=\"auto, (max-width: 527px) 100vw, 527px\" \/><\/span><\/figure><\/div>\n<\/div><\/div><\/div>\n\n\n\n<div class=\"wp-block-stackable-column stk-block-column stk-column stk-block stk-549a2ee\" data-v=\"4\" data-block-id=\"549a2ee\"><div class=\"stk-column-wrapper stk-block-column__content stk-container stk-549a2ee-container stk--no-background stk--no-padding\"><div class=\"stk-block-content stk-inner-blocks stk-549a2ee-inner-blocks\">\n<div class=\"wp-block-stackable-subtitle stk-block-subtitle stk-block stk-9e80e96\" data-block-id=\"9e80e96\"><style>.stk-9e80e96 .stk-block-subtitle__text{font-size:var(--stk--preset--font-size--medium, 1rem) !important;}@media screen and (max-width:999px){.stk-9e80e96 .stk-block-subtitle__text{font-size:var(--stk--preset--font-size--medium, 1rem) !important;}}<\/style><p class=\"stk-block-subtitle__text stk-subtitle\"><strong>D\u00eda 1 \u2013 Viernes (Tierra)<\/strong><\/p><\/div>\n\n\n\n<div class=\"wp-block-stackable-text stk-block-text stk-block stk-35c457d\" data-block-id=\"35c457d\"><p class=\"stk-block-text__text\"><br>Llegada y bienvenida en Opuntia.<br>Una sesi\u00f3n suave de yoga nos ayuda a soltar las tensiones del cuerpo y la mente, preparando el coraz\u00f3n para recibir la primera ceremonia: el cacao, medicina de la tierra que abre suavemente el sentir y nos conecta con el grupo.<\/p><\/div>\n<\/div><\/div><\/div>\n<\/div><\/div>\n\n\n\n<div class=\"wp-block-stackable-columns stk-block-columns stk-block stk-9026434\" data-block-id=\"9026434\"><style>.stk-9026434 .stk--block-align-9026434{align-items:center !important;}<\/style><div class=\"stk-row stk-inner-blocks stk--block-align-9026434 stk-block-content stk-content-align stk-9026434-column\">\n<div class=\"wp-block-stackable-column stk-block-column stk-column stk-block stk-646ada7\" data-v=\"4\" data-block-id=\"646ada7\"><div class=\"stk-column-wrapper stk-block-column__content stk-container stk-646ada7-container stk--no-background stk--no-padding\"><div class=\"stk-block-content stk-inner-blocks stk-646ada7-inner-blocks\">\n<div class=\"wp-block-stackable-image stk-block-image stk-block stk-ba43f0c\" data-block-id=\"ba43f0c\"><style>.stk-ba43f0c .stk-img-wrapper{width:527px !important;}<\/style><figure><span class=\"stk-img-wrapper stk-image--shape-stretch\"><img loading=\"lazy\" decoding=\"async\" class=\"stk-img wp-image-2740\" src=\"https:\/\/opuntiaretreats.com\/wp-content\/uploads\/2025\/09\/anie-2.jpg\" width=\"805\" height=\"1227\" srcset=\"https:\/\/opuntiaretreats.com\/wp-content\/uploads\/2025\/09\/anie-2.jpg 805w, https:\/\/opuntiaretreats.com\/wp-content\/uploads\/2025\/09\/anie-2-197x300.jpg 197w, https:\/\/opuntiaretreats.com\/wp-content\/uploads\/2025\/09\/anie-2-672x1024.jpg 672w, https:\/\/opuntiaretreats.com\/wp-content\/uploads\/2025\/09\/anie-2-768x1171.jpg 768w\" sizes=\"auto, (max-width: 805px) 100vw, 805px\" \/><\/span><\/figure><\/div>\n<\/div><\/div><\/div>\n\n\n\n<div class=\"wp-block-stackable-column stk-block-column stk-column stk-block stk-3fc72c2\" data-v=\"4\" data-block-id=\"3fc72c2\"><div class=\"stk-column-wrapper stk-block-column__content stk-container stk-3fc72c2-container stk--no-background stk--no-padding\"><div class=\"stk-block-content stk-inner-blocks stk-3fc72c2-inner-blocks\">\n<div class=\"wp-block-stackable-subtitle stk-block-subtitle stk-block stk-27cdc3b\" data-block-id=\"27cdc3b\"><style>.stk-27cdc3b .stk-block-subtitle__text{font-size:var(--stk--preset--font-size--medium, 1rem) !important;}@media screen and (max-width:999px){.stk-27cdc3b .stk-block-subtitle__text{font-size:var(--stk--preset--font-size--medium, 1rem) !important;}}<\/style><p class=\"stk-block-subtitle__text stk-subtitle\">D\u00eda 2 \u2013 S\u00e1bado (Fuego)<\/p><\/div>\n\n\n\n<div class=\"wp-block-stackable-text stk-block-text stk-block stk-c0fa456\" data-block-id=\"c0fa456\"><p class=\"stk-block-text__text\"><br>Al amanecer, practicamos yoga con enfoque en abrir el pecho y despertar la energ\u00eda del coraz\u00f3n. Desde esa apertura entramos en la ceremonia de psilocibina, guiada por un psicoterapeuta especializado, un viaje profundo hacia el inconsciente y la sanaci\u00f3n emocional.<br>Por la tarde, el fuego nos envuelve en el temazcal, conducido por un cham\u00e1n de tradici\u00f3n, donde el calor y el vapor derriten viejas corazas y nos invitan a renacer m\u00e1s ligeros.<\/p><\/div>\n<\/div><\/div><\/div>\n<\/div><\/div>\n\n\n\n<div class=\"wp-block-stackable-columns stk-block-columns stk-block stk-b982f92\" data-block-id=\"b982f92\"><style>.stk-b982f92 .stk--block-align-b982f92{align-items:center !important;}<\/style><div class=\"stk-row stk-inner-blocks stk--block-align-b982f92 stk-block-content stk-content-align stk-b982f92-column\">\n<div class=\"wp-block-stackable-column stk-block-column stk-column stk-block stk-c212ba6\" data-v=\"4\" data-block-id=\"c212ba6\"><div class=\"stk-column-wrapper stk-block-column__content stk-container stk-c212ba6-container stk--no-background stk--no-padding\"><div class=\"stk-block-content stk-inner-blocks stk-c212ba6-inner-blocks\">\n<div class=\"wp-block-stackable-image stk-block-image stk-block stk-88e6a9c\" data-block-id=\"88e6a9c\"><style>.stk-88e6a9c .stk-img-wrapper{width:527px !important;}<\/style><figure><span class=\"stk-img-wrapper stk-image--shape-stretch\"><img loading=\"lazy\" decoding=\"async\" class=\"stk-img wp-image-2717\" src=\"https:\/\/opuntiaretreats.com\/wp-content\/uploads\/2025\/09\/meditacion-en-la-montana.webp\" width=\"527\" height=\"527\" srcset=\"https:\/\/opuntiaretreats.com\/wp-content\/uploads\/2025\/09\/meditacion-en-la-montana.webp 527w, https:\/\/opuntiaretreats.com\/wp-content\/uploads\/2025\/09\/meditacion-en-la-montana-300x300.webp 300w, https:\/\/opuntiaretreats.com\/wp-content\/uploads\/2025\/09\/meditacion-en-la-montana-150x150.webp 150w\" sizes=\"auto, (max-width: 527px) 100vw, 527px\" \/><\/span><\/figure><\/div>\n<\/div><\/div><\/div>\n\n\n\n<div class=\"wp-block-stackable-column stk-block-column stk-column stk-block stk-1da00a8\" data-v=\"4\" data-block-id=\"1da00a8\"><div class=\"stk-column-wrapper stk-block-column__content stk-container stk-1da00a8-container stk--no-background stk--no-padding\"><div class=\"stk-block-content stk-inner-blocks stk-1da00a8-inner-blocks\">\n<div class=\"wp-block-stackable-subtitle stk-block-subtitle stk-block stk-2ddd1dc\" data-block-id=\"2ddd1dc\"><style>.stk-2ddd1dc .stk-block-subtitle__text{font-size:var(--stk--preset--font-size--medium, 1rem) !important;}@media screen and (max-width:999px){.stk-2ddd1dc .stk-block-subtitle__text{font-size:var(--stk--preset--font-size--medium, 1rem) !important;}}<\/style><p class=\"stk-block-subtitle__text stk-subtitle\">D\u00eda 3 \u2013 Domingo (Aire y Agua)<\/p><\/div>\n\n\n\n<div class=\"wp-block-stackable-text stk-block-text stk-block stk-34d35e9\" data-block-id=\"34d35e9\"><p class=\"stk-block-text__text\">De madrugada ascendemos en una caminata consciente. En la cima, practicamos yoga en silencio, integrando la respiraci\u00f3n con el aire fresco de la monta\u00f1a y enraizando lo vivido en el cuerpo.<br>De regreso a Opuntia, cerramos el c\u00edrculo con la bioresonancia: el agua en vibraci\u00f3n nos devuelve a la armon\u00eda, sintonizando cuerpo y esp\u00edritu en un cierre profundo y resonante.<\/p><\/div>\n<\/div><\/div><\/div>\n<\/div><\/div>\n\n\n\n<div class=\"wp-block-stackable-columns stk-block-columns stk-block stk-9d80472\" data-block-id=\"9d80472\"><style>.stk-9d80472 .stk--block-align-9d80472{align-items:center !important;}<\/style><div class=\"stk-row stk-inner-blocks stk--block-align-9d80472 stk-block-content stk-content-align stk-9d80472-column\">\n<div class=\"wp-block-stackable-column stk-block-column stk-column stk-block stk-51d3262\" data-v=\"4\" data-block-id=\"51d3262\"><div class=\"stk-column-wrapper stk-block-column__content stk-container stk-51d3262-container stk--no-background stk--no-padding\"><div class=\"stk-block-content stk-inner-blocks stk-51d3262-inner-blocks\">\n<div class=\"wp-block-stackable-image stk-block-image stk-block stk-1836a90\" data-block-id=\"1836a90\"><style>.stk-1836a90 .stk-img-wrapper{width:527px !important;}<\/style><figure><span class=\"stk-img-wrapper stk-image--shape-stretch\"><img loading=\"lazy\" decoding=\"async\" class=\"stk-img wp-image-2718\" src=\"https:\/\/opuntiaretreats.com\/wp-content\/uploads\/2025\/09\/ojo.webp\" width=\"527\" height=\"527\" srcset=\"https:\/\/opuntiaretreats.com\/wp-content\/uploads\/2025\/09\/ojo.webp 527w, https:\/\/opuntiaretreats.com\/wp-content\/uploads\/2025\/09\/ojo-300x300.webp 300w, https:\/\/opuntiaretreats.com\/wp-content\/uploads\/2025\/09\/ojo-150x150.webp 150w\" sizes=\"auto, (max-width: 527px) 100vw, 527px\" \/><\/span><\/figure><\/div>\n<\/div><\/div><\/div>\n\n\n\n<div class=\"wp-block-stackable-column stk-block-column stk-column stk-block stk-4693ff7\" data-v=\"4\" data-block-id=\"4693ff7\"><div class=\"stk-column-wrapper stk-block-column__content stk-container stk-4693ff7-container stk--no-background stk--no-padding\"><div class=\"stk-block-content stk-inner-blocks stk-4693ff7-inner-blocks\">\n<div class=\"wp-block-stackable-subtitle stk-block-subtitle stk-block stk-5dcf3ce\" data-block-id=\"5dcf3ce\"><style>.stk-5dcf3ce .stk-block-subtitle__text{font-size:var(--stk--preset--font-size--medium, 1rem) !important;}@media screen and (max-width:999px){.stk-5dcf3ce .stk-block-subtitle__text{font-size:var(--stk--preset--font-size--medium, 1rem) !important;}}<\/style><p class=\"stk-block-subtitle__text stk-subtitle\"><strong><strong>D\u00eda 4 \u2013 Lunes (Regreso)<\/strong><\/strong><\/p><\/div>\n\n\n\n<div class=\"wp-block-stackable-text stk-block-text stk-block stk-3056c5c\" data-block-id=\"3056c5c\"><p class=\"stk-block-text__text\"><br>Desayuno de integraci\u00f3n y despedida. El cuerpo relajado, el coraz\u00f3n abierto y la mente clara llevan consigo la transformaci\u00f3n vivida, lista para florecer en la vida cotidiana.<\/p><\/div>\n\n\n\n<p class=\"has-large-font-size\">\u201cTraves\u00eda con Yoga es un camino \u00edntimo de apertura y transformaci\u00f3n. El momento para sentir es ahora.\u201d<\/p>\n\n\n\n<p><\/p>\n\n\n\n<p><\/p>\n\n\n\n<p><\/p>\n\n\n\n<p><\/p>\n\n\n\n<p><\/p>\n<\/div><\/div><\/div>\n<\/div><\/div>\n\n\n\n<div class=\"wp-block-stackable-columns stk-block-columns stk-block stk-63cda33\" data-block-id=\"63cda33\"><style>.stk-63cda33 .stk--block-align-63cda33{align-items:center !important;}<\/style><div class=\"stk-row stk-inner-blocks stk--block-align-63cda33 stk-block-content stk-content-align stk-63cda33-column\">\n<div class=\"wp-block-stackable-column stk-block-column stk-column stk-block stk-0ab291e\" data-v=\"4\" data-block-id=\"0ab291e\"><style>@media screen and (min-width:690px){.stk-0ab291e {flex:var(--stk-flex-grow, 1) 1 calc(10% - var(--stk-column-gap, 0px) * 1 \/ 2 ) !important;}}<\/style><div class=\"stk-column-wrapper stk-block-column__content stk-container stk-0ab291e-container stk--no-background stk--no-padding\"><div class=\"stk-block-content stk-inner-blocks stk-0ab291e-inner-blocks\"><\/div><\/div><\/div>\n\n\n\n<div class=\"wp-block-stackable-column stk-block-column stk-column stk-block stk-7fb46fd\" data-v=\"4\" data-block-id=\"7fb46fd\"><style>@media screen and (min-width:690px){.stk-7fb46fd {flex:var(--stk-flex-grow, 1) 1 calc(90% - var(--stk-column-gap, 0px) * 1 \/ 2 ) !important;}}<\/style><div class=\"stk-column-wrapper stk-block-column__content stk-container stk-7fb46fd-container stk--no-background stk--no-padding\"><div class=\"stk-block-content stk-inner-blocks stk-7fb46fd-inner-blocks\">\n<p class=\"has-medium-font-size\"><strong>Precio por Persona: Desde $1800 Usd<\/strong><\/p>\n\n\n\n<div class=\"wp-block-stackable-subtitle stk-block-subtitle stk-block stk-2bb144c\" data-block-id=\"2bb144c\"><style>.stk-2bb144c .stk-block-subtitle__text{font-size:var(--stk--preset--font-size--large, 30px) !important;}@media screen and (max-width:999px){.stk-2bb144c .stk-block-subtitle__text{font-size:var(--stk--preset--font-size--large, 30px) !important;}}<\/style><p class=\"stk-block-subtitle__text stk-subtitle\">\u00bfQu\u00e9 incluye <strong>tu Traves\u00eda con Yoga?<\/strong><\/p><\/div>\n\n\n\n<ul class=\"wp-block-list\">\n<li>3 noches de alojamiento en nuestras habitaciones de lujo en Opuntia.<\/li>\n\n\n\n<li>Alimentaci\u00f3n consciente durante todo el retiro.<\/li>\n\n\n\n<li>Todas las ceremonias y rituales (cacao, psilocibina, temazcal, caminata, cuencos).<\/li>\n\n\n\n<li>Sesiones de yoga terap\u00e9utico guiadas por especialista.<\/li>\n\n\n\n<li>Acompa\u00f1amiento profesional y contenci\u00f3n emocional en cada una de las ceremonias.<\/li>\n\n\n\n<li>Medico de planta durante todo el evento.<\/li>\n<\/ul>\n\n\n\n<p><em>(Transporte el aeropuerto no incluido \u2014 Se ofrece con un costo extra<\/em>)<\/p>\n\n\n\n<p><\/p>\n\n\n\n<p><\/p>\n\n\n\n<p><\/p>\n\n\n\n<p><\/p>\n\n\n\n<p><\/p>\n<\/div><\/div><\/div>\n<\/div><\/div>\n<\/div><\/div><\/div>\n<\/div><\/div>\n\n\n\n<div class=\"wp-block-stackable-button-group stk-block-button-group stk-block stk-0aca655\" data-block-id=\"0aca655\"><div class=\"stk-row stk-inner-blocks stk-block-content stk-button-group\">\n<div class=\"wp-block-stackable-button stk-block-button stk-block stk-f8318af\" data-block-id=\"f8318af\"><style>.stk-f8318af {align-items:center !important;display:flex !important;}<\/style><a class=\"stk-link stk-button stk--hover-effect-darken\" href=\"https:\/\/wa.me\/524421090843\"><span class=\"stk-button__inner-text\">Book your spot<\/span><\/a><\/div>\n<\/div><\/div>","protected":false},"excerpt":{"rendered":"<p>Un retiro de 4 d\u00edas y 3 noches donde el yoga terap\u00e9utico prepara el cuerpo y el coraz\u00f3n para cada ritual. Cacao, psilocibina, temazcal, caminata consciente y bioresonancia se entrelazan [&hellip;]<\/p>","protected":false},"author":1,"featured_media":0,"parent":0,"menu_order":0,"comment_status":"closed","ping_status":"closed","template":"","meta":{"_gspb_post_css":"","footnotes":""},"class_list":["post-2709","page","type-page","status-publish","hentry"],"blocksy_meta":[],"_links":{"self":[{"href":"https:\/\/opuntiaretreats.com\/en\/wp-json\/wp\/v2\/pages\/2709","targetHints":{"allow":["GET"]}}],"collection":[{"href":"https:\/\/opuntiaretreats.com\/en\/wp-json\/wp\/v2\/pages"}],"about":[{"href":"https:\/\/opuntiaretreats.com\/en\/wp-json\/wp\/v2\/types\/page"}],"author":[{"embeddable":true,"href":"https:\/\/opuntiaretreats.com\/en\/wp-json\/wp\/v2\/users\/1"}],"replies":[{"embeddable":true,"href":"https:\/\/opuntiaretreats.com\/en\/wp-json\/wp\/v2\/comments?post=2709"}],"version-history":[{"count":11,"href":"https:\/\/opuntiaretreats.com\/en\/wp-json\/wp\/v2\/pages\/2709\/revisions"}],"predecessor-version":[{"id":2742,"href":"https:\/\/opuntiaretreats.com\/en\/wp-json\/wp\/v2\/pages\/2709\/revisions\/2742"}],"wp:attachment":[{"href":"https:\/\/opuntiaretreats.com\/en\/wp-json\/wp\/v2\/media?parent=2709"}],"curies":[{"name":"wp","href":"https:\/\/api.w.org\/{rel}","templated":true}]}}