{"id":2636,"date":"2025-09-08T23:56:58","date_gmt":"2025-09-08T20:56:58","guid":{"rendered":"https:\/\/opuntiaretreats.com\/nuestra-mezcla\/"},"modified":"2025-09-08T23:58:52","modified_gmt":"2025-09-08T20:58:52","slug":"nuestra-mezcla","status":"publish","type":"page","link":"https:\/\/opuntiaretreats.com\/en\/nuestra-mezcla\/","title":{"rendered":"Our Unique Mix"},"content":{"rendered":"<div class=\"wp-block-stackable-columns stk-block-columns stk-block stk-a3f6966\" data-block-id=\"a3f6966\"><style>.stk-a3f6966 {margin-bottom:0px !important;}.stk-a3f6966-column{--stk-column-gap:35px !important;row-gap:35px !important;}<\/style><div class=\"stk-row stk-inner-blocks stk-block-content stk-content-align stk-a3f6966-column\">\n<div class=\"wp-block-stackable-column stk-block-column stk-column stk-block stk-3924013\" data-v=\"4\" data-block-id=\"3924013\"><style>.stk-3924013-container{margin-top:0px !important;margin-right:0px !important;margin-bottom:0px !important;margin-left:0px !important;background-image:url(https:\/\/opuntiaretreats.com\/wp-content\/uploads\/2025\/09\/Puerta-Opuntia.jpg) !important;border-top-left-radius:10px !important;border-top-right-radius:10px !important;border-bottom-right-radius:10px !important;border-bottom-left-radius:10px !important;overflow:hidden !important;min-height:450px !important;padding-top:40px !important;padding-right:20px !important;padding-bottom:40px !important;padding-left:20px !important;}.stk-3924013-inner-blocks{justify-content:flex-end !important;}.stk-3924013-container:before{background-color:#000000 !important;opacity:0.3 !important;}.stk-3924013-container:hover:before{opacity:0 !important;}@media screen and (min-width:690px) and (max-width:999px){.stk-3924013 {flex:var(--stk-flex-grow, 1) 1 calc(50% - var(--stk-column-gap, 0px) * 1 \/ 2 ) !important;}}@media screen and (max-width:999px){.stk-3924013-container{min-height:420px !important;}}<\/style><div class=\"stk-column-wrapper stk-block-column__content stk-container stk-3924013-container stk-hover-parent stk--has-background-overlay\"><div class=\"has-text-align-center stk--column-flex stk-block-content stk-inner-blocks stk-3924013-inner-blocks\">\n<div class=\"wp-block-stackable-heading stk-block-heading stk-block-heading--v2 stk-block stk-1e03036\" id=\"opuntia-venue\" data-block-id=\"1e03036\"><style>.stk-1e03036 {margin-bottom:10px !important;top:0 !important;}:where(.stk-hover-parent:hover,  .stk-hover-parent.stk--is-hovered) .stk-1e03036{top:-20px !important;}.stk-1e03036 .stk-block-heading__text{color:var(--theme-palette-color-8, #ffffff) !important;}<\/style><h6 class=\"stk-block-heading__text has-text-color has-palette-color-8-color\">OPUNTIA Venue<\/h6><\/div>\n\n\n\n<div class=\"wp-block-stackable-button-group stk-block-button-group stk-block stk-c321bc3\" data-block-id=\"c321bc3\"><style>:where(.stk-hover-parent:hover,  .stk-hover-parent.stk--is-hovered) .stk-c321bc3{top:-20px !important;}.stk-c321bc3 {top:0 !important;}<\/style><div class=\"stk-row stk-inner-blocks stk-block-content stk-button-group\">\n<div class=\"wp-block-stackable-button stk-block-button stk-block stk-c78a154 stk--has-lightbox\" data-block-id=\"c78a154\"><style>.stk-c78a154 .stk-button{padding-top:0px !important;padding-right:0px !important;padding-bottom:0px !important;padding-left:0px !important;background:transparent !important;}.stk-c78a154 .stk-button .stk--inner-svg svg:last-child{margin-inline-end:0px !important;}<\/style><a class=\"stk-link stk-button stk--hover-effect-darken\" href=\"https:\/\/opuntiaretreats.com\/en\/opuntia\/\"><span class=\"stk--svg-wrapper\"><div class=\"stk--inner-svg\"><svg aria-hidden=\"true\" focusable=\"false\" data-prefix=\"fas\" data-icon=\"map-marker-alt\" class=\"svg-inline--fa fa-map-marker-alt fa-w-12\" xmlns=\"http:\/\/www.w3.org\/2000\/svg\" viewbox=\"0 0 384 512\" width=\"32\" height=\"32\"><path fill=\"currentColor\" d=\"M172.268 501.67C26.97 291.031 0 269.413 0 192 0 85.961 85.961 0 192 0s192 85.961 192 192c0 77.413-26.97 99.031-172.268 309.67-9.535 13.774-29.93 13.773-39.464 0zM192 272c44.183 0 80-35.817 80-80s-35.817-80-80-80-80 35.817-80 80 35.817 80 80 80z\"><\/path><\/svg><\/div><\/span><span class=\"stk-button__inner-text\">Info<\/span><\/a><\/div>\n<\/div><\/div>\n\n\n\n<div class=\"wp-block-stackable-columns stk-block-columns stk-block stk-097bc21\" data-block-id=\"097bc21\"><div class=\"stk-row stk-inner-blocks stk-block-content stk-content-align stk-097bc21-column\">\n<div class=\"wp-block-stackable-column stk-block-column stk-column stk-block stk-d8cdb15\" data-v=\"4\" data-block-id=\"d8cdb15\"><div class=\"stk-column-wrapper stk-block-column__content stk-container stk-d8cdb15-container stk--no-background stk--no-padding\"><div class=\"stk-block-content stk-inner-blocks stk-d8cdb15-inner-blocks\"><\/div><\/div><\/div>\n<\/div><\/div>\n<\/div><a class=\"stk-link stk-block-link stk--transparent-overlay\" href=\"https:\/\/opuntiaretreats.com\/en\/opuntia\/\" aria-hidden=\"true\" tabindex=\"-1\"><\/a><\/div><\/div>\n\n\n\n<div class=\"wp-block-stackable-column stk-block-column stk-column stk-block stk-36716a5\" data-v=\"4\" data-block-id=\"36716a5\"><style>.stk-36716a5-container{margin-top:0px !important;margin-right:0px !important;margin-bottom:0px !important;margin-left:0px !important;background-image:url(https:\/\/opuntiaretreats.com\/wp-content\/uploads\/2025\/09\/hongo.webp) !important;border-top-left-radius:10px !important;border-top-right-radius:10px !important;border-bottom-right-radius:10px !important;border-bottom-left-radius:10px !important;overflow:hidden !important;min-height:450px !important;padding-top:40px !important;padding-right:20px !important;padding-bottom:40px !important;padding-left:20px !important;}.stk-36716a5-inner-blocks{justify-content:flex-end !important;}.stk-36716a5-container:before{background-color:#000000 !important;opacity:0.3 !important;}.stk-36716a5-container:hover:before{opacity:0 !important;}@media screen and (min-width:690px) and (max-width:999px){.stk-36716a5 {flex:var(--stk-flex-grow, 1) 1 calc(50% - var(--stk-column-gap, 0px) * 1 \/ 2 ) !important;}}@media screen and (max-width:999px){.stk-36716a5-container{min-height:420px !important;}}<\/style><div class=\"stk-column-wrapper stk-block-column__content stk-container stk-36716a5-container stk-hover-parent stk--has-background-overlay\"><div class=\"has-text-align-center stk--column-flex stk-block-content stk-inner-blocks stk-36716a5-inner-blocks\">\n<div class=\"wp-block-stackable-heading stk-block-heading stk-block-heading--v2 stk-block stk-caff398\" id=\"la-llave-al-inconsciente\" data-block-id=\"caff398\"><style>.stk-caff398 {margin-bottom:10px !important;top:0 !important;}:where(.stk-hover-parent:hover,  .stk-hover-parent.stk--is-hovered) .stk-caff398{top:-20px !important;}.stk-caff398 .stk-block-heading__text{color:var(--theme-palette-color-8, #ffffff) !important;}<\/style><h6 class=\"stk-block-heading__text has-text-color has-palette-color-8-color\">The Key to the Unconscious <\/h6><\/div>\n\n\n\n<div class=\"wp-block-stackable-button-group stk-block-button-group stk-block stk-3a74a99\" data-block-id=\"3a74a99\"><style>:where(.stk-hover-parent:hover,  .stk-hover-parent.stk--is-hovered) .stk-3a74a99{top:-20px !important;}.stk-3a74a99 {top:0 !important;}<\/style><div class=\"stk-row stk-inner-blocks stk-block-content stk-button-group\">\n<div class=\"wp-block-stackable-button stk-block-button stk-block stk-47563c9\" data-block-id=\"47563c9\"><style>.stk-47563c9 .stk-button{padding-top:0px !important;padding-right:0px !important;padding-bottom:0px !important;padding-left:0px !important;background:transparent !important;}.stk-47563c9 .stk-button .stk--inner-svg svg:last-child{margin-inline-end:0px !important;}<\/style><a class=\"stk-link stk-button stk--hover-effect-darken\" href=\"\"><span class=\"stk--svg-wrapper\"><div class=\"stk--inner-svg\"><svg aria-hidden=\"true\" focusable=\"false\" data-prefix=\"fas\" data-icon=\"map-marker-alt\" class=\"svg-inline--fa fa-map-marker-alt fa-w-12\" xmlns=\"http:\/\/www.w3.org\/2000\/svg\" viewbox=\"0 0 384 512\" width=\"32\" height=\"32\"><path fill=\"currentColor\" d=\"M172.268 501.67C26.97 291.031 0 269.413 0 192 0 85.961 85.961 0 192 0s192 85.961 192 192c0 77.413-26.97 99.031-172.268 309.67-9.535 13.774-29.93 13.773-39.464 0zM192 272c44.183 0 80-35.817 80-80s-35.817-80-80-80-80 35.817-80 80 35.817 80 80 80z\"><\/path><\/svg><\/div><\/span><span class=\"stk-button__inner-text\">Info<\/span><\/a><\/div>\n<\/div><\/div>\n\n\n\n<div class=\"wp-block-stackable-columns stk-block-columns stk-block stk-6b5c338\" data-block-id=\"6b5c338\"><div class=\"stk-row stk-inner-blocks stk-block-content stk-content-align stk-6b5c338-column\">\n<div class=\"wp-block-stackable-column stk-block-column stk-column stk-block stk-1e3763f\" data-v=\"4\" data-block-id=\"1e3763f\"><div class=\"stk-column-wrapper stk-block-column__content stk-container stk-1e3763f-container stk--no-background stk--no-padding\"><div class=\"stk-block-content stk-inner-blocks stk-1e3763f-inner-blocks\"><\/div><\/div><\/div>\n<\/div><\/div>\n<\/div><a class=\"stk-link stk-block-link stk--transparent-overlay\" href=\"https:\/\/opuntiaretreats.com\/en\/services\/\" aria-hidden=\"true\" tabindex=\"-1\"><\/a><\/div><\/div>\n\n\n\n<div class=\"wp-block-stackable-column stk-block-column stk-column stk-block stk-58ed895\" data-v=\"4\" data-block-id=\"58ed895\"><style>.stk-58ed895-container{margin-top:0px !important;margin-right:0px !important;margin-bottom:0px !important;margin-left:0px !important;background-image:url(https:\/\/opuntiaretreats.com\/wp-content\/uploads\/2025\/09\/Temazcal.webp) !important;border-top-left-radius:10px !important;border-top-right-radius:10px !important;border-bottom-right-radius:10px !important;border-bottom-left-radius:10px !important;overflow:hidden !important;min-height:450px !important;padding-top:40px !important;padding-right:20px !important;padding-bottom:40px !important;padding-left:20px !important;}.stk-58ed895-inner-blocks{justify-content:flex-end !important;}.stk-58ed895-container:before{background-color:#000000 !important;opacity:0.3 !important;}.stk-58ed895-container:hover:before{opacity:0 !important;}@media screen and (min-width:690px) and (max-width:999px){.stk-58ed895 {flex:var(--stk-flex-grow, 1) 1 calc(50% - var(--stk-column-gap, 0px) * 1 \/ 2 ) !important;}}@media screen and (max-width:999px){.stk-58ed895-container{min-height:420px !important;}}<\/style><div class=\"stk-column-wrapper stk-block-column__content stk-container stk-58ed895-container stk-hover-parent stk--has-background-overlay\"><div class=\"has-text-align-center stk--column-flex stk-block-content stk-inner-blocks stk-58ed895-inner-blocks\">\n<div class=\"wp-block-stackable-heading stk-block-heading stk-block-heading--v2 stk-block stk-7ec22d0\" id=\"rituales-ancestrales-de-purificacion-y-sanacion\" data-block-id=\"7ec22d0\"><style>.stk-7ec22d0 {margin-bottom:10px !important;top:0 !important;}:where(.stk-hover-parent:hover,  .stk-hover-parent.stk--is-hovered) .stk-7ec22d0{top:-20px !important;}.stk-7ec22d0 .stk-block-heading__text{color:var(--theme-palette-color-8, #ffffff) !important;}<\/style><h6 class=\"stk-block-heading__text has-text-color has-palette-color-8-color\">Ancestral Rituals of Purification and Healing <\/h6><\/div>\n\n\n\n<div class=\"wp-block-stackable-button-group stk-block-button-group stk-block stk-fa1e8dd\" data-block-id=\"fa1e8dd\"><style>:where(.stk-hover-parent:hover,  .stk-hover-parent.stk--is-hovered) .stk-fa1e8dd{top:-20px !important;}.stk-fa1e8dd {top:0 !important;}<\/style><div class=\"stk-row stk-inner-blocks stk-block-content stk-button-group\">\n<div class=\"wp-block-stackable-button stk-block-button stk-block stk-2fb3041\" data-block-id=\"2fb3041\"><style>.stk-2fb3041 .stk-button{padding-top:0px !important;padding-right:0px !important;padding-bottom:0px !important;padding-left:0px !important;background:transparent !important;}.stk-2fb3041 .stk-button .stk--inner-svg svg:last-child{margin-inline-end:0px !important;}<\/style><a class=\"stk-link stk-button stk--hover-effect-darken\" href=\"\"><span class=\"stk--svg-wrapper\"><div class=\"stk--inner-svg\"><svg aria-hidden=\"true\" focusable=\"false\" data-prefix=\"fas\" data-icon=\"map-marker-alt\" class=\"svg-inline--fa fa-map-marker-alt fa-w-12\" xmlns=\"http:\/\/www.w3.org\/2000\/svg\" viewbox=\"0 0 384 512\" width=\"32\" height=\"32\"><path fill=\"currentColor\" d=\"M172.268 501.67C26.97 291.031 0 269.413 0 192 0 85.961 85.961 0 192 0s192 85.961 192 192c0 77.413-26.97 99.031-172.268 309.67-9.535 13.774-29.93 13.773-39.464 0zM192 272c44.183 0 80-35.817 80-80s-35.817-80-80-80-80 35.817-80 80 35.817 80 80 80z\"><\/path><\/svg><\/div><\/span><span class=\"stk-button__inner-text\">Info<\/span><\/a><\/div>\n<\/div><\/div>\n<\/div><a class=\"stk-link stk-block-link stk--transparent-overlay\" href=\"https:\/\/opuntiaretreats.com\/en\/home\/\" aria-hidden=\"true\" tabindex=\"-1\"><\/a><\/div><\/div>\n\n\n\n<div class=\"wp-block-stackable-column stk-block-column stk-column stk-block stk-f63aa58\" data-v=\"4\" data-block-id=\"f63aa58\"><style>.stk-f63aa58-container{margin-top:0px !important;margin-right:0px !important;margin-bottom:0px !important;margin-left:0px !important;background-image:url(https:\/\/opuntiaretreats.com\/wp-content\/uploads\/2025\/09\/DSF4529_2_1-1-scaled.jpg) !important;border-top-left-radius:10px !important;border-top-right-radius:10px !important;border-bottom-right-radius:10px !important;border-bottom-left-radius:10px !important;overflow:hidden !important;min-height:450px !important;padding-top:40px !important;padding-right:20px !important;padding-bottom:40px !important;padding-left:20px !important;}.stk-f63aa58-inner-blocks{justify-content:flex-end !important;}.stk-f63aa58-container:before{background-color:#000000 !important;opacity:0.3 !important;}.stk-f63aa58-container:hover:before{opacity:0 !important;}@media screen and (min-width:690px) and (max-width:999px){.stk-f63aa58 {flex:var(--stk-flex-grow, 1) 1 calc(50% - var(--stk-column-gap, 0px) * 1 \/ 2 ) !important;}}@media screen and (max-width:999px){.stk-f63aa58-container{min-height:420px !important;}}<\/style><div class=\"stk-column-wrapper stk-block-column__content stk-container stk-f63aa58-container stk-hover-parent stk--has-background-overlay\"><div class=\"has-text-align-center stk--column-flex stk-block-content stk-inner-blocks stk-f63aa58-inner-blocks\">\n<div class=\"wp-block-stackable-heading stk-block-heading stk-block-heading--v2 stk-block stk-d46870b\" id=\"acompanamiento-profesional-especializado\" data-block-id=\"d46870b\"><style>.stk-d46870b {margin-bottom:10px !important;top:0 !important;}:where(.stk-hover-parent:hover,  .stk-hover-parent.stk--is-hovered) .stk-d46870b{top:-20px !important;}.stk-d46870b .stk-block-heading__text{color:var(--theme-palette-color-8, #ffffff) !important;}<\/style><h6 class=\"stk-block-heading__text has-text-color has-palette-color-8-color\">Acompa\u00f1amiento Profesional Especializado<\/h6><\/div>\n\n\n\n<div class=\"wp-block-stackable-button-group stk-block-button-group stk-block stk-303bf75\" data-block-id=\"303bf75\"><style>:where(.stk-hover-parent:hover,  .stk-hover-parent.stk--is-hovered) .stk-303bf75{top:-20px !important;}.stk-303bf75 {top:0 !important;}<\/style><div class=\"stk-row stk-inner-blocks stk-block-content stk-button-group\">\n<div class=\"wp-block-stackable-button stk-block-button stk-block stk-79ccf65\" data-block-id=\"79ccf65\"><style>.stk-79ccf65 .stk-button{padding-top:0px !important;padding-right:0px !important;padding-bottom:0px !important;padding-left:0px !important;background:transparent !important;}.stk-79ccf65 .stk-button .stk--inner-svg svg:last-child{margin-inline-end:0px !important;}<\/style><a class=\"stk-link stk-button stk--hover-effect-darken\" href=\"\"><span class=\"stk--svg-wrapper\"><div class=\"stk--inner-svg\"><svg aria-hidden=\"true\" focusable=\"false\" data-prefix=\"fas\" data-icon=\"map-marker-alt\" class=\"svg-inline--fa fa-map-marker-alt fa-w-12\" xmlns=\"http:\/\/www.w3.org\/2000\/svg\" viewbox=\"0 0 384 512\" width=\"32\" height=\"32\"><path fill=\"currentColor\" d=\"M172.268 501.67C26.97 291.031 0 269.413 0 192 0 85.961 85.961 0 192 0s192 85.961 192 192c0 77.413-26.97 99.031-172.268 309.67-9.535 13.774-29.93 13.773-39.464 0zM192 272c44.183 0 80-35.817 80-80s-35.817-80-80-80-80 35.817-80 80 35.817 80 80 80z\"><\/path><\/svg><\/div><\/span><span class=\"stk-button__inner-text\">Info<\/span><\/a><\/div>\n<\/div><\/div>\n<\/div><a class=\"stk-link stk-block-link stk--transparent-overlay\" href=\"https:\/\/opuntiaretreats.com\/en\/acompanamiento\/\" aria-hidden=\"true\" tabindex=\"-1\"><\/a><\/div><\/div>\n<\/div><\/div>","protected":false},"excerpt":{"rendered":"<p>OPUNTIA Venue Info La Llave al inconsciente Info Rituales Ancestrales de Purificaci\u00f3n y Sanaci\u00f3n Info Acompa\u00f1amiento Profesional Especializado Info<\/p>","protected":false},"author":1,"featured_media":0,"parent":0,"menu_order":0,"comment_status":"closed","ping_status":"closed","template":"","meta":{"_gspb_post_css":"","footnotes":""},"class_list":["post-2636","page","type-page","status-publish","hentry"],"blocksy_meta":[],"_links":{"self":[{"href":"https:\/\/opuntiaretreats.com\/en\/wp-json\/wp\/v2\/pages\/2636","targetHints":{"allow":["GET"]}}],"collection":[{"href":"https:\/\/opuntiaretreats.com\/en\/wp-json\/wp\/v2\/pages"}],"about":[{"href":"https:\/\/opuntiaretreats.com\/en\/wp-json\/wp\/v2\/types\/page"}],"author":[{"embeddable":true,"href":"https:\/\/opuntiaretreats.com\/en\/wp-json\/wp\/v2\/users\/1"}],"replies":[{"embeddable":true,"href":"https:\/\/opuntiaretreats.com\/en\/wp-json\/wp\/v2\/comments?post=2636"}],"version-history":[{"count":1,"href":"https:\/\/opuntiaretreats.com\/en\/wp-json\/wp\/v2\/pages\/2636\/revisions"}],"predecessor-version":[{"id":2637,"href":"https:\/\/opuntiaretreats.com\/en\/wp-json\/wp\/v2\/pages\/2636\/revisions\/2637"}],"wp:attachment":[{"href":"https:\/\/opuntiaretreats.com\/en\/wp-json\/wp\/v2\/media?parent=2636"}],"curies":[{"name":"wp","href":"https:\/\/api.w.org\/{rel}","templated":true}]}}