{"id":2547,"date":"2025-09-03T13:45:31","date_gmt":"2025-09-03T19:45:31","guid":{"rendered":"https:\/\/opuntiaretreats.com\/escapada-sagrada-2\/"},"modified":"2025-09-15T20:51:48","modified_gmt":"2025-09-15T17:51:48","slug":"escapada-sagrada-2","status":"publish","type":"page","link":"https:\/\/opuntiaretreats.com\/en\/escapada-sagrada-2\/","title":{"rendered":"Sacred Escape"},"content":{"rendered":"<div class=\"wp-block-stackable-columns alignfull stk-block-columns stk-block stk-763009c\" data-block-id=\"763009c\"><style>.stk-763009c {margin-top:var(--stk--preset--spacing--70, 3.38rem) !important;margin-bottom:var(--stk--preset--spacing--70, 3.38rem) !important;}<\/style><div class=\"stk-row stk-inner-blocks stk-block-content stk-content-align stk-763009c-column alignwide\">\n<div class=\"wp-block-stackable-column stk-block-column stk-column stk-block stk-e5bff5a\" data-v=\"4\" data-block-id=\"e5bff5a\"><style>.stk-e5bff5a {align-self:center !important;}<\/style><div class=\"stk-column-wrapper stk-block-column__content stk-container stk-e5bff5a-container stk--no-background stk--no-padding\"><div class=\"stk-block-content stk-inner-blocks stk-e5bff5a-inner-blocks\">\n<p class=\"has-large-font-size\">Two nights to reconnect with yourself.<\/p>\n\n\n\n<div class=\"wp-block-stackable-text stk-block-text stk-block stk-b7eddae\" data-block-id=\"b7eddae\"><p class=\"stk-block-text__text translation-block\"><em>Sacred Escape<\/em> is a short yet powerful retreat, designed to offer in three days a process of healing and transformation with the essence of <strong>Opuntia Retreats<\/strong><\/p><\/div>\n\n\n\n<p>During your stay, you will experience:<\/p>\n\n\n\n<ul class=\"wp-block-list\">\n<li>Therapeutic cacao ceremony to prepare our intention.<\/li>\n\n\n\n<li class=\"translation-block\">A <strong>psilocybin ceremony<\/strong> to open the door to the unconscious.<\/li>\n\n\n\n<li class=\"translation-block\">A <strong>temazcal<\/strong> ritual, a symbol of purification and rebirth.<\/li>\n\n\n\n<li>Spaces for guided introspection and therapeutic support.<\/li>\n\n\n\n<li>Mindful and nourishing cuisine.<\/li>\n<\/ul>\n\n\n\n<p class=\"translation-block\">Everything takes place in a safe and exclusive environment: <strong>luxury rooms surrounded by gardens, a small group to ensure intimacy and close guidance, and the unique energy of Opuntia as a sanctuary for transformation.<\/strong><\/p>\n\n\n\n<p class=\"translation-block\">In just one weekend, you\u2019ll be able to pause, look within, and <strong>return to your life with renewed clarity.<\/strong><\/p>\n\n\n\n<div class=\"wp-block-stackable-button-group stk-block-button-group stk-block stk-09e2621\" data-block-id=\"09e2621\"><div class=\"stk-row stk-inner-blocks stk-block-content stk-button-group\">\n<div class=\"wp-block-stackable-button stk-block-button stk-block stk-f8318af\" data-block-id=\"f8318af\"><a class=\"stk-link stk-button stk--hover-effect-darken\" href=\"https:\/\/wa.me\/524421090843\"><span class=\"stk-button__inner-text\">Contact<\/span><\/a><\/div>\n<\/div><\/div>\n<\/div><\/div><\/div>\n\n\n\n<div class=\"wp-block-stackable-column stk-block-column stk-column stk-block stk-3fb383e\" data-v=\"4\" data-block-id=\"3fb383e\"><div class=\"stk-column-wrapper stk-block-column__content stk-container stk-3fb383e-container stk--no-background stk--no-padding\"><div class=\"stk-block-content stk-inner-blocks stk-3fb383e-inner-blocks\">\n<div class=\"wp-block-stackable-image stk-block-image stk-block stk-875ec7d\" data-block-id=\"875ec7d\"><figure><span class=\"stk-img-wrapper stk-image--shape-stretch\"><img loading=\"lazy\" decoding=\"async\" class=\"stk-img wp-image-2549\" src=\"https:\/\/opuntiaretreats.com\/wp-content\/uploads\/2025\/09\/Paz-2.png\" width=\"1456\" height=\"816\" srcset=\"https:\/\/opuntiaretreats.com\/wp-content\/uploads\/2025\/09\/Paz-2.png 1456w, https:\/\/opuntiaretreats.com\/wp-content\/uploads\/2025\/09\/Paz-2-300x168.png 300w, https:\/\/opuntiaretreats.com\/wp-content\/uploads\/2025\/09\/Paz-2-1024x574.png 1024w, https:\/\/opuntiaretreats.com\/wp-content\/uploads\/2025\/09\/Paz-2-768x430.png 768w\" sizes=\"auto, (max-width: 1456px) 100vw, 1456px\" \/><\/span><\/figure><\/div>\n<\/div><\/div><\/div>\n<\/div><\/div>","protected":false},"excerpt":{"rendered":"<p>Dos noches para reconectar contigo Escapada Sagrada es un retiro breve pero poderoso, dise\u00f1ado para ofrecer en tres d\u00edas un proceso de sanaci\u00f3n y transformaci\u00f3n con la esencia de Retiros [&hellip;]<\/p>","protected":false},"author":1,"featured_media":0,"parent":0,"menu_order":0,"comment_status":"closed","ping_status":"closed","template":"","meta":{"_gspb_post_css":"","footnotes":""},"class_list":["post-2547","page","type-page","status-publish","hentry"],"blocksy_meta":[],"_links":{"self":[{"href":"https:\/\/opuntiaretreats.com\/en\/wp-json\/wp\/v2\/pages\/2547","targetHints":{"allow":["GET"]}}],"collection":[{"href":"https:\/\/opuntiaretreats.com\/en\/wp-json\/wp\/v2\/pages"}],"about":[{"href":"https:\/\/opuntiaretreats.com\/en\/wp-json\/wp\/v2\/types\/page"}],"author":[{"embeddable":true,"href":"https:\/\/opuntiaretreats.com\/en\/wp-json\/wp\/v2\/users\/1"}],"replies":[{"embeddable":true,"href":"https:\/\/opuntiaretreats.com\/en\/wp-json\/wp\/v2\/comments?post=2547"}],"version-history":[{"count":4,"href":"https:\/\/opuntiaretreats.com\/en\/wp-json\/wp\/v2\/pages\/2547\/revisions"}],"predecessor-version":[{"id":2705,"href":"https:\/\/opuntiaretreats.com\/en\/wp-json\/wp\/v2\/pages\/2547\/revisions\/2705"}],"wp:attachment":[{"href":"https:\/\/opuntiaretreats.com\/en\/wp-json\/wp\/v2\/media?parent=2547"}],"curies":[{"name":"wp","href":"https:\/\/api.w.org\/{rel}","templated":true}]}}