{"id":2483,"date":"2025-09-02T18:03:01","date_gmt":"2025-09-03T00:03:01","guid":{"rendered":"https:\/\/opuntiaretreats.com\/opuntia\/"},"modified":"2025-09-08T23:56:35","modified_gmt":"2025-09-08T20:56:35","slug":"opuntia","status":"publish","type":"page","link":"https:\/\/opuntiaretreats.com\/en\/opuntia\/","title":{"rendered":"Opuntia"},"content":{"rendered":"<p class=\"has-medium-font-size\">At Opuntia, you\u2019ll find luxury suites surrounded by gardens and breathtaking natural views, in an intimate and exclusive space designed for retreats and ceremonies. Here, there is no noise or distraction\u2014only silence, comfort, and the energy you need to live your process with calm and beauty<\/p>\n\n\n\n<div class=\"wp-block-stackable-columns alignfull stk-block-columns stk-block stk-e95f8f8\" data-block-id=\"e95f8f8\"><style>.stk-e95f8f8 {margin-top:var(--stk--preset--spacing--70, 3.38rem) !important;margin-bottom:var(--stk--preset--spacing--70, 3.38rem) !important;}<\/style><div class=\"stk-row stk-inner-blocks stk-block-content stk-content-align stk-e95f8f8-column alignwide\">\n<div class=\"wp-block-stackable-column stk-block-column stk-column stk-block stk-01d1732\" data-v=\"4\" data-block-id=\"01d1732\"><div class=\"stk-column-wrapper stk-block-column__content stk-container stk-01d1732-container stk--no-background stk--no-padding\"><div class=\"stk-block-content stk-inner-blocks stk-01d1732-inner-blocks\">\n<div class=\"wp-block-stackable-carousel stk-block-carousel stk--is-slide stk--arrows-justify-space-between stk--arrows-align-center stk-block stk-cfe771e\" data-slides-to-show=\"\" data-block-id=\"cfe771e\"><div class=\"stk-block-carousel__content-wrapper\"><div class=\"stk-row stk-inner-blocks stk-block-content stk-block-carousel__slider-wrapper stk-content-align stk-cfe771e-column\"><div class=\"stk-block-carousel__slider\" role=\"list\" data-autoplay=\"4000\" data-label-slide-of=\"Slide %%d of %%d\">\n<div class=\"wp-block-stackable-column stk-block-column stk-column stk-block stk-2bf97ea\" data-v=\"4\" data-block-id=\"2bf97ea\"><div class=\"stk-column-wrapper stk-block-column__content stk-container stk-2bf97ea-container stk--no-background stk--no-padding\"><div class=\"stk-block-content stk-inner-blocks stk-2bf97ea-inner-blocks\">\n<div class=\"wp-block-stackable-image stk-block-image stk-block stk-c957304\" data-block-id=\"c957304\"><style>.stk-c957304 .stk-img-wrapper{aspect-ratio:3\/1 !important;height:auto !important;}@media screen and (max-width:999px){.stk-c957304 .stk-img-wrapper{height:auto !important;}}@media screen and (max-width:689px){.stk-c957304 .stk-img-wrapper{height:auto !important;}}<\/style><figure><span class=\"stk-img-wrapper stk-image--shape-stretch\"><img loading=\"lazy\" decoding=\"async\" class=\"stk-img wp-image-2477\" src=\"https:\/\/opuntiaretreats.com\/wp-content\/uploads\/2025\/09\/Puerta-Opuntia.jpg\" width=\"960\" height=\"1280\" srcset=\"https:\/\/opuntiaretreats.com\/wp-content\/uploads\/2025\/09\/Puerta-Opuntia.jpg 960w, https:\/\/opuntiaretreats.com\/wp-content\/uploads\/2025\/09\/Puerta-Opuntia-225x300.jpg 225w, https:\/\/opuntiaretreats.com\/wp-content\/uploads\/2025\/09\/Puerta-Opuntia-768x1024.jpg 768w\" sizes=\"auto, (max-width: 960px) 100vw, 960px\" \/><\/span><\/figure><\/div>\n<\/div><\/div><\/div>\n\n\n\n<div class=\"wp-block-stackable-column stk-block-column stk-column stk-block stk-282d231 stk-block-background stk--has-background-overlay\" data-v=\"4\" data-block-id=\"282d231\"><style>.stk-282d231 {background-image:url(https:\/\/opuntiaretreats.com\/wp-content\/uploads\/2025\/09\/Desayuno-Opuntia.jpg) !important;background-position:center right !important;background-size:47% !important;}<\/style><div class=\"stk-column-wrapper stk-block-column__content stk-container stk-282d231-container stk--no-background stk--no-padding\"><div class=\"stk-block-content stk-inner-blocks stk-282d231-inner-blocks\"><\/div><\/div><\/div>\n\n\n\n<div class=\"wp-block-stackable-column stk-block-column stk-column stk-block stk-0259a94 stk-block-background stk--has-background-overlay\" data-v=\"4\" data-block-id=\"0259a94\"><style>.stk-0259a94 {background-image:url(https:\/\/opuntiaretreats.com\/wp-content\/uploads\/2025\/09\/Aereo-Opunta.jpg) !important;}<\/style><div class=\"stk-column-wrapper stk-block-column__content stk-container stk-0259a94-container stk--no-background stk--no-padding\"><div class=\"stk-block-content stk-inner-blocks stk-0259a94-inner-blocks\"><\/div><\/div><\/div>\n\n\n\n<div class=\"wp-block-stackable-column stk-block-column stk-column stk-block stk-a458719 stk-block-background stk--has-background-overlay\" data-v=\"4\" data-block-id=\"a458719\"><style>.stk-a458719 {background-image:url(https:\/\/opuntiaretreats.com\/wp-content\/uploads\/2025\/09\/suite-3.jpg) !important;}<\/style><div class=\"stk-column-wrapper stk-block-column__content stk-container stk-a458719-container stk--no-background stk--no-padding\"><div class=\"stk-block-content stk-inner-blocks stk-a458719-inner-blocks\"><\/div><\/div><\/div>\n\n\n\n<div class=\"wp-block-stackable-column stk-block-column stk-column stk-block stk-7d51a06 stk-block-background stk--has-background-overlay\" data-v=\"4\" data-block-id=\"7d51a06\"><style>.stk-7d51a06 {background-image:url(https:\/\/opuntiaretreats.com\/wp-content\/uploads\/2025\/09\/suite-1.jpg) !important;}<\/style><div class=\"stk-column-wrapper stk-block-column__content stk-container stk-7d51a06-container stk--no-background stk--no-padding\"><div class=\"stk-block-content stk-inner-blocks stk-7d51a06-inner-blocks\"><\/div><\/div><\/div>\n\n\n\n<div class=\"wp-block-stackable-column stk-block-column stk-column stk-block stk-67a33fc stk-block-background stk--has-background-overlay\" data-v=\"4\" data-block-id=\"67a33fc\"><style>.stk-67a33fc {background-image:url(https:\/\/opuntiaretreats.com\/wp-content\/uploads\/2025\/09\/Tina.jpg) !important;}<\/style><div class=\"stk-column-wrapper stk-block-column__content stk-container stk-67a33fc-container stk--no-background stk--no-padding\"><div class=\"stk-block-content stk-inner-blocks stk-67a33fc-inner-blocks\"><\/div><\/div><\/div>\n\n\n\n<div class=\"wp-block-stackable-column stk-block-column stk-column stk-block stk-4a5dece stk-block-background stk--has-background-overlay\" data-v=\"4\" data-block-id=\"4a5dece\"><style>.stk-4a5dece {background-image:url(https:\/\/opuntiaretreats.com\/wp-content\/uploads\/2025\/09\/Suite-2.jpg) !important;}<\/style><div class=\"stk-column-wrapper stk-block-column__content stk-container stk-4a5dece-container stk--no-background stk--no-padding\"><div class=\"stk-block-content stk-inner-blocks stk-4a5dece-inner-blocks\"><\/div><\/div><\/div>\n\n\n\n<div class=\"wp-block-stackable-column stk-block-column stk-column stk-block stk-0d63bef stk-block-background stk--has-background-overlay\" data-v=\"4\" data-block-id=\"0d63bef\"><style>.stk-0d63bef {background-image:url(https:\/\/opuntiaretreats.com\/wp-content\/uploads\/2025\/09\/Padel.jpg) !important;}<\/style><div class=\"stk-column-wrapper stk-block-column__content stk-container stk-0d63bef-container stk--no-background stk--no-padding\"><div class=\"stk-block-content stk-inner-blocks stk-0d63bef-inner-blocks\"><\/div><\/div><\/div>\n\n\n\n<div class=\"wp-block-stackable-column stk-block-column stk-column stk-block stk-f58466e stk-block-background stk--has-background-overlay\" data-v=\"4\" data-block-id=\"f58466e\"><style>.stk-f58466e {background-image:url(https:\/\/opuntiaretreats.com\/wp-content\/uploads\/2025\/09\/Retiro-mujeres.jpg) !important;background-position:center center !important;}<\/style><div class=\"stk-column-wrapper stk-block-column__content stk-container stk-f58466e-container stk--no-background stk--no-padding\"><div class=\"stk-block-content stk-inner-blocks stk-f58466e-inner-blocks\"><\/div><\/div><\/div>\n\n\n\n<div class=\"wp-block-stackable-column stk-block-column stk-column stk-block stk-03ef99f stk-block-background stk--has-background-overlay\" data-v=\"4\" data-block-id=\"03ef99f\"><style>.stk-03ef99f {background-image:url(https:\/\/opuntiaretreats.com\/wp-content\/uploads\/2025\/09\/Espejo-de-agua-con-calacas.jpg) !important;background-position:center center !important;}<\/style><div class=\"stk-column-wrapper stk-block-column__content stk-container stk-03ef99f-container stk--no-background stk--no-padding\"><div class=\"stk-block-content stk-inner-blocks stk-03ef99f-inner-blocks\"><\/div><\/div><\/div>\n<\/div><div class=\"stk-block-carousel__buttons\"><button class=\"stk-block-carousel__button stk-block-carousel__button__prev\" aria-label=\"Previous slide\"><svg aria-hidden=\"true\" focusable=\"false\" data-prefix=\"fas\" data-icon=\"chevron-left\" class=\"svg-inline--fa fa-chevron-left\" xmlns=\"http:\/\/www.w3.org\/2000\/svg\" viewbox=\"0 0 320 512\" width=\"32\" height=\"32\"><path d=\"M34.52 239.03L228.87 44.69c9.37-9.37 24.57-9.37 33.94 0l22.67 22.67c9.36 9.36 9.37 24.52.04 33.9L131.49 256l154.02 154.75c9.34 9.38 9.32 24.54-.04 33.9l-22.67 22.67c-9.37 9.37-24.57 9.37-33.94 0L34.52 272.97c-9.37-9.37-9.37-24.57 0-33.94z\"><\/path><\/svg><\/button><button class=\"stk-block-carousel__button stk-block-carousel__button__next\" aria-label=\"Next slide\"><svg aria-hidden=\"true\" focusable=\"false\" data-prefix=\"fas\" data-icon=\"chevron-right\" class=\"svg-inline--fa fa-chevron-right\" xmlns=\"http:\/\/www.w3.org\/2000\/svg\" viewbox=\"0 0 320 512\" width=\"32\" height=\"32\"><path d=\"M285.476 272.971L91.132 467.314c-9.373 9.373-24.569 9.373-33.941 0l-22.667-22.667c-9.357-9.357-9.375-24.522-.04-33.901L188.505 256 34.484 101.255c-9.335-9.379-9.317-24.544.04-33.901l22.667-22.667c9.373-9.373 24.569-9.373 33.941 0L285.475 239.03c9.373 9.372 9.373 24.568.001 33.941z\"><\/path><\/svg><\/button><\/div><\/div><\/div><\/div>\n<\/div><\/div><\/div>\n<\/div><\/div>\n\n\n\n<p class=\"has-medium-font-size\">Just 30 minutes from downtown San Miguel de Allende  <strong>A private sanctuary in the heart of nature, designed for deep rest, connection, and transformation.<\/strong><br><\/p>\n\n\n\n<div class=\"wp-block-stackable-button-group stk-block-button-group stk-block stk-12c8346\" data-block-id=\"12c8346\"><div class=\"stk-row stk-inner-blocks stk-block-content stk-button-group\">\n<div class=\"wp-block-stackable-button stk-block-button stk-block stk-d550296\" data-block-id=\"d550296\"><a class=\"stk-link stk-button stk--hover-effect-darken\" href=\"https:\/\/opuntiaretreats.com\/en\/services\/\"><span class=\"stk-button__inner-text\">The Key to the Unconscious <\/span><\/a><\/div>\n\n\n\n<div class=\"wp-block-stackable-button stk-block-button stk-block stk-9a7848a\" data-block-id=\"9a7848a\"><a class=\"stk-link stk-button stk--hover-effect-darken\" href=\"https:\/\/opuntiaretreats.com\/en\/home\/\"><span class=\"stk-button__inner-text\">Ancestral Rituals<\/span><\/a><\/div>\n\n\n\n<div class=\"wp-block-stackable-button stk-block-button stk-block stk-c3095f2\" data-block-id=\"c3095f2\"><a class=\"stk-link stk-button stk--hover-effect-darken\" href=\"https:\/\/opuntiaretreats.com\/en\/acompanamiento\/\"><span class=\"stk-button__inner-text\">Guidance<\/span><\/a><\/div>\n<\/div><\/div>","protected":false},"excerpt":{"rendered":"<p>En Opuntia encontrar\u00e1s suites de lujo rodeadas de jardines y vistas naturales \u00fanicas, en un espacio \u00edntimo y exclusivo dise\u00f1ado para retiros y ceremonias. Aqu\u00ed no hay ruido ni distracciones: [&hellip;]<\/p>","protected":false},"author":1,"featured_media":0,"parent":0,"menu_order":0,"comment_status":"closed","ping_status":"closed","template":"","meta":{"_gspb_post_css":"","footnotes":""},"class_list":["post-2483","page","type-page","status-publish","hentry"],"blocksy_meta":[],"_links":{"self":[{"href":"https:\/\/opuntiaretreats.com\/en\/wp-json\/wp\/v2\/pages\/2483","targetHints":{"allow":["GET"]}}],"collection":[{"href":"https:\/\/opuntiaretreats.com\/en\/wp-json\/wp\/v2\/pages"}],"about":[{"href":"https:\/\/opuntiaretreats.com\/en\/wp-json\/wp\/v2\/types\/page"}],"author":[{"embeddable":true,"href":"https:\/\/opuntiaretreats.com\/en\/wp-json\/wp\/v2\/users\/1"}],"replies":[{"embeddable":true,"href":"https:\/\/opuntiaretreats.com\/en\/wp-json\/wp\/v2\/comments?post=2483"}],"version-history":[{"count":6,"href":"https:\/\/opuntiaretreats.com\/en\/wp-json\/wp\/v2\/pages\/2483\/revisions"}],"predecessor-version":[{"id":2632,"href":"https:\/\/opuntiaretreats.com\/en\/wp-json\/wp\/v2\/pages\/2483\/revisions\/2632"}],"wp:attachment":[{"href":"https:\/\/opuntiaretreats.com\/en\/wp-json\/wp\/v2\/media?parent=2483"}],"curies":[{"name":"wp","href":"https:\/\/api.w.org\/{rel}","templated":true}]}}