{"id":2369,"date":"2025-08-29T18:02:11","date_gmt":"2025-08-29T18:02:11","guid":{"rendered":"http:\/\/opuntiaretreats.com\/customer-cabinet-2\/"},"modified":"2025-09-05T21:23:51","modified_gmt":"2025-09-05T18:23:51","slug":"customer-cabinet-2","status":"publish","type":"page","link":"https:\/\/opuntiaretreats.com\/en\/customer-cabinet-2\/","title":{"rendered":"Our Transformational Retreats"},"content":{"rendered":"<p><\/p>\n\n\n\n<div class=\"wp-block-stackable-columns alignfull stk-block-columns stk-block stk-01d0942\" data-block-id=\"01d0942\"><style>.stk-01d0942 {margin-top:var(--stk--preset--spacing--70, 3.38rem) !important;margin-bottom:var(--stk--preset--spacing--70, 3.38rem) !important;}<\/style><div class=\"stk-row stk-inner-blocks stk-block-content stk-content-align stk-01d0942-column alignwide\">\n<div class=\"wp-block-stackable-column stk-block-column stk-column stk-block stk-1729afa\" data-v=\"4\" data-block-id=\"1729afa\"><div class=\"stk-column-wrapper stk-block-column__content stk-container stk-1729afa-container stk--no-background stk--no-padding\"><div class=\"stk-block-content stk-inner-blocks stk-1729afa-inner-blocks\">\n<div class=\"wp-block-stackable-heading stk-block-heading stk-block-heading--v2 stk-block stk-c31ca44\" id=\"heading-placeholder\" data-block-id=\"c31ca44\"><h3 class=\"stk-block-heading__text has-text-align-center\">Discover the one that\u2019s right for you<\/h3><\/div>\n\n\n\n<div class=\"wp-block-stackable-columns stk-block-columns stk-block stk-1be74d4\" data-block-id=\"1be74d4\"><div class=\"stk-row stk-inner-blocks stk-block-content stk-content-align stk-1be74d4-column\">\n<div class=\"wp-block-stackable-column stk-block-column stk-column stk-block stk-1a4c83e stk-block-background stk--has-background-overlay\" data-v=\"4\" data-block-id=\"1a4c83e\"><style>.stk-1a4c83e-container{margin-top:var(--stk--preset--spacing--none, 0px) !important;margin-right:var(--stk--preset--spacing--none, 0px) !important;margin-bottom:var(--stk--preset--spacing--none, 0px) !important;margin-left:var(--stk--preset--spacing--none, 0px) !important;}.stk-1a4c83e {background-image:url(https:\/\/opuntiaretreats.com\/wp-content\/uploads\/2025\/09\/el-gran-viaje.webp) !important;}@media screen and (min-width:690px){.stk-1a4c83e {flex:var(--stk-flex-grow, 1) 1 calc(25% - var(--stk-column-gap, 0px) * 1 \/ 2 ) !important;}}<\/style><div class=\"stk-column-wrapper stk-block-column__content stk-container stk-1a4c83e-container stk--no-background stk--no-padding\"><div class=\"stk-block-content stk-inner-blocks stk-1a4c83e-inner-blocks\"><\/div><\/div><\/div>\n\n\n\n<div class=\"wp-block-stackable-column stk-block-column stk-column stk-block stk-2c2de97\" data-v=\"4\" data-block-id=\"2c2de97\"><style>.stk-2c2de97-container{margin-top:var(--stk--preset--spacing--none, 0px) !important;margin-right:var(--stk--preset--spacing--none, 0px) !important;margin-bottom:var(--stk--preset--spacing--none, 0px) !important;margin-left:var(--stk--preset--spacing--none, 0px) !important;}@media screen and (min-width:690px){.stk-2c2de97 {flex:var(--stk-flex-grow, 1) 1 calc(75% - var(--stk-column-gap, 0px) * 1 \/ 2 ) !important;}}<\/style><div class=\"stk-column-wrapper stk-block-column__content stk-container stk-2c2de97-container stk-hover-parent\"><div class=\"stk-block-content stk-inner-blocks stk-2c2de97-inner-blocks\">\n<div class=\"wp-block-stackable-subtitle stk-block-subtitle stk-block stk-73dd03d\" data-block-id=\"73dd03d\"><style>.stk-73dd03d .stk-block-subtitle__text{text-shadow:6px 6px 4px #78787833 !important;font-size:var(--stk--preset--font-size--medium, 20px) !important;}@media screen and (max-width:999px){.stk-73dd03d .stk-block-subtitle__text{font-size:var(--stk--preset--font-size--medium, 20px) !important;}}<\/style><p class=\"stk-block-subtitle__text stk-subtitle\">6 nights 7 days<\/p><\/div>\n\n\n\n<div class=\"wp-block-stackable-heading stk-block-heading stk-block-heading--v2 stk-block stk-b85b6f1\" id=\"c-title-1-placeholder\" data-block-id=\"b85b6f1\"><h3 class=\"stk-block-heading__text\">The Grand Journey<\/h3><\/div>\n\n\n\n<div class=\"wp-block-stackable-text stk-block-text stk-block stk-7a201a3\" data-block-id=\"7a201a3\"><p class=\"stk-block-text__text\">An immersive, profound, and transformative retreat<\/p><\/div>\n\n\n\n<div class=\"wp-block-stackable-button-group stk-block-button-group stk-block stk-527275a\" data-block-id=\"527275a\"><div class=\"stk-row stk-inner-blocks stk-block-content stk-button-group\">\n<div class=\"wp-block-stackable-button stk-block-button stk-block stk-b4d8405\" data-block-id=\"b4d8405\"><a class=\"stk-link stk-button stk--hover-effect-darken\" href=\"https:\/\/opuntiaretreats.com\/en\/el-gran-viaje\/\"><span class=\"stk-button__inner-text\">info<\/span><\/a><\/div>\n<\/div><\/div>\n<\/div><\/div><\/div>\n<\/div><\/div>\n\n\n\n<div class=\"wp-block-stackable-columns stk-block-columns stk-block stk-5b46351\" data-block-id=\"5b46351\"><div class=\"stk-row stk-inner-blocks stk-block-content stk-content-align stk-5b46351-column\">\n<div class=\"wp-block-stackable-column stk-block-column stk-column stk-block stk-2a5b0e2 stk-block-background stk--has-background-overlay\" data-v=\"4\" data-block-id=\"2a5b0e2\"><style>.stk-2a5b0e2-container{margin-top:var(--stk--preset--spacing--none, 0px) !important;margin-right:var(--stk--preset--spacing--none, 0px) !important;margin-bottom:var(--stk--preset--spacing--none, 0px) !important;margin-left:var(--stk--preset--spacing--none, 0px) !important;}.stk-2a5b0e2 {background-image:url(https:\/\/opuntiaretreats.com\/wp-content\/uploads\/2025\/09\/Paz.webp) !important;}@media screen and (min-width:690px){.stk-2a5b0e2 {flex:var(--stk-flex-grow, 1) 1 calc(25% - var(--stk-column-gap, 0px) * 1 \/ 2 ) !important;}}<\/style><div class=\"stk-column-wrapper stk-block-column__content stk-container stk-2a5b0e2-container stk--no-background stk--no-padding\"><div class=\"stk-block-content stk-inner-blocks stk-2a5b0e2-inner-blocks\"><\/div><\/div><\/div>\n\n\n\n<div class=\"wp-block-stackable-column stk-block-column stk-column stk-block stk-155beff\" data-v=\"4\" data-block-id=\"155beff\"><style>.stk-155beff-container{margin-top:var(--stk--preset--spacing--none, 0px) !important;margin-right:var(--stk--preset--spacing--none, 0px) !important;margin-bottom:var(--stk--preset--spacing--none, 0px) !important;margin-left:var(--stk--preset--spacing--none, 0px) !important;}@media screen and (min-width:690px){.stk-155beff {flex:var(--stk-flex-grow, 1) 1 calc(75% - var(--stk-column-gap, 0px) * 1 \/ 2 ) !important;}}<\/style><div class=\"stk-column-wrapper stk-block-column__content stk-container stk-155beff-container stk-hover-parent\"><div class=\"stk-block-content stk-inner-blocks stk-155beff-inner-blocks\">\n<div class=\"wp-block-stackable-subtitle stk-block-subtitle stk-block stk-eac5ce7\" data-block-id=\"eac5ce7\"><style>.stk-eac5ce7 .stk-block-subtitle__text{text-shadow:6px 6px 4px #78787833 !important;font-size:var(--stk--preset--font-size--medium, 20px) !important;}@media screen and (max-width:999px){.stk-eac5ce7 .stk-block-subtitle__text{font-size:var(--stk--preset--font-size--medium, 20px) !important;}}<\/style><p class=\"stk-block-subtitle__text stk-subtitle\">3 Nighs 4 days<\/p><\/div>\n\n\n\n<div class=\"wp-block-stackable-heading stk-block-heading stk-block-heading--v2 stk-block stk-88270f4\" id=\"c-title-2-placeholder\" data-block-id=\"88270f4\"><h3 class=\"stk-block-heading__text\">Journey<\/h3><\/div>\n\n\n\n<div class=\"wp-block-stackable-text stk-block-text stk-block stk-ed018a2\" data-block-id=\"ed018a2\"><p class=\"stk-block-text__text\">The perfect balance between depth and time<\/p><\/div>\n\n\n\n<div class=\"wp-block-stackable-button-group stk-block-button-group stk-block stk-241f07d\" data-block-id=\"241f07d\"><div class=\"stk-row stk-inner-blocks stk-block-content stk-button-group\">\n<div class=\"wp-block-stackable-button stk-block-button stk-block stk-331cf87\" data-block-id=\"331cf87\"><a class=\"stk-link stk-button stk--hover-effect-darken\" href=\"https:\/\/opuntiaretreats.com\/en\/travesia\/\"><span class=\"stk-button__inner-text\">info<\/span><\/a><\/div>\n<\/div><\/div>\n<\/div><\/div><\/div>\n<\/div><\/div>\n\n\n\n<div class=\"wp-block-stackable-columns stk-block-columns stk-block stk-e054dbb\" data-block-id=\"e054dbb\"><div class=\"stk-row stk-inner-blocks stk-block-content stk-content-align stk-e054dbb-column\">\n<div class=\"wp-block-stackable-column stk-block-column stk-column stk-block stk-6456d75 stk-block-background stk--has-background-overlay\" data-v=\"4\" data-block-id=\"6456d75\"><style>.stk-6456d75-container{margin-top:var(--stk--preset--spacing--none, 0px) !important;margin-right:var(--stk--preset--spacing--none, 0px) !important;margin-bottom:var(--stk--preset--spacing--none, 0px) !important;margin-left:var(--stk--preset--spacing--none, 0px) !important;}.stk-6456d75 {background-image:url(https:\/\/opuntiaretreats.com\/wp-content\/uploads\/2025\/09\/Paz-2.png) !important;}@media screen and (min-width:690px){.stk-6456d75 {flex:var(--stk-flex-grow, 1) 1 calc(25% - var(--stk-column-gap, 0px) * 1 \/ 2 ) !important;}}<\/style><div class=\"stk-column-wrapper stk-block-column__content stk-container stk-6456d75-container stk--no-background stk--no-padding\"><div class=\"stk-block-content stk-inner-blocks stk-6456d75-inner-blocks\"><\/div><\/div><\/div>\n\n\n\n<div class=\"wp-block-stackable-column stk-block-column stk-column stk-block stk-063c06a\" data-v=\"4\" data-block-id=\"063c06a\"><style>.stk-063c06a-container{margin-top:var(--stk--preset--spacing--none, 0px) !important;margin-right:var(--stk--preset--spacing--none, 0px) !important;margin-bottom:var(--stk--preset--spacing--none, 0px) !important;margin-left:var(--stk--preset--spacing--none, 0px) !important;}@media screen and (min-width:690px){.stk-063c06a {flex:var(--stk-flex-grow, 1) 1 calc(75% - var(--stk-column-gap, 0px) * 1 \/ 2 ) !important;}}<\/style><div class=\"stk-column-wrapper stk-block-column__content stk-container stk-063c06a-container stk-hover-parent\"><div class=\"stk-block-content stk-inner-blocks stk-063c06a-inner-blocks\">\n<div class=\"wp-block-stackable-subtitle stk-block-subtitle stk-block stk-847cf4c\" data-block-id=\"847cf4c\"><style>.stk-847cf4c .stk-block-subtitle__text{text-shadow:6px 6px 4px #78787833 !important;font-size:var(--stk--preset--font-size--medium, 20px) !important;}@media screen and (max-width:999px){.stk-847cf4c .stk-block-subtitle__text{font-size:var(--stk--preset--font-size--medium, 20px) !important;}}<\/style><p class=\"stk-block-subtitle__text stk-subtitle\">2 nights 3 days<\/p><\/div>\n\n\n\n<div class=\"wp-block-stackable-heading stk-block-heading stk-block-heading--v2 stk-block stk-7baeafc\" id=\"c-title-2-placeholder\" data-block-id=\"7baeafc\"><h3 class=\"stk-block-heading__text\">Sacred Escape<\/h3><\/div>\n\n\n\n<div class=\"wp-block-stackable-text stk-block-text stk-block stk-2af8e93\" data-block-id=\"2af8e93\"><p class=\"stk-block-text__text\">A short but powerful retreat<\/p><\/div>\n\n\n\n<div class=\"wp-block-stackable-button-group stk-block-button-group stk-block stk-cd8a65b\" data-block-id=\"cd8a65b\"><div class=\"stk-row stk-inner-blocks stk-block-content stk-button-group\">\n<div class=\"wp-block-stackable-button stk-block-button stk-block stk-aa94528\" data-block-id=\"aa94528\"><a class=\"stk-link stk-button stk--hover-effect-darken\" href=\"https:\/\/opuntiaretreats.com\/en\/escapada-sagrada-2\/\"><span class=\"stk-button__inner-text\">info<\/span><\/a><\/div>\n<\/div><\/div>\n<\/div><\/div><\/div>\n<\/div><\/div>\n\n\n\n<p><\/p>\n<\/div><\/div><\/div>\n<\/div><\/div>","protected":false},"excerpt":{"rendered":"<p>Descubre el ideal para ti 6 noches- 7 d\u00edas El Gran Viaje Un retiro largo, profundo y transformador. M\u00e1s Info 3 Noches- 4 D\u00edas Traves\u00eda El formato ideal para equilibrar [&hellip;]<\/p>","protected":false},"author":1,"featured_media":0,"parent":0,"menu_order":0,"comment_status":"closed","ping_status":"closed","template":"","meta":{"_gspb_post_css":"","footnotes":""},"class_list":["post-2369","page","type-page","status-publish","hentry"],"blocksy_meta":[],"_links":{"self":[{"href":"https:\/\/opuntiaretreats.com\/en\/wp-json\/wp\/v2\/pages\/2369","targetHints":{"allow":["GET"]}}],"collection":[{"href":"https:\/\/opuntiaretreats.com\/en\/wp-json\/wp\/v2\/pages"}],"about":[{"href":"https:\/\/opuntiaretreats.com\/en\/wp-json\/wp\/v2\/types\/page"}],"author":[{"embeddable":true,"href":"https:\/\/opuntiaretreats.com\/en\/wp-json\/wp\/v2\/users\/1"}],"replies":[{"embeddable":true,"href":"https:\/\/opuntiaretreats.com\/en\/wp-json\/wp\/v2\/comments?post=2369"}],"version-history":[{"count":10,"href":"https:\/\/opuntiaretreats.com\/en\/wp-json\/wp\/v2\/pages\/2369\/revisions"}],"predecessor-version":[{"id":2604,"href":"https:\/\/opuntiaretreats.com\/en\/wp-json\/wp\/v2\/pages\/2369\/revisions\/2604"}],"wp:attachment":[{"href":"https:\/\/opuntiaretreats.com\/en\/wp-json\/wp\/v2\/media?parent=2369"}],"curies":[{"name":"wp","href":"https:\/\/api.w.org\/{rel}","templated":true}]}}